{"id":57,"date":"2023-12-23T16:12:18","date_gmt":"2023-12-23T15:12:18","guid":{"rendered":"https:\/\/berlin-kizzes.com\/?page_id=57"},"modified":"2025-12-09T16:30:39","modified_gmt":"2025-12-09T15:30:39","slug":"djs","status":"publish","type":"page","link":"https:\/\/berlin-kizzes.com\/de\/artists\/djs\/","title":{"rendered":"DJS"},"content":{"rendered":"<section class=\"l-section wpb_row height_small\"><div class=\"l-section-h i-cf\"><div class=\"g-cols vc_row via_grid cols_1 laptops-cols_inherit tablets-cols_inherit mobiles-cols_1 valign_top type_default stacking_default\"><div class=\"wpb_column vc_column_container\"><div class=\"vc_column-inner\"><div class=\"wpb_text_column\"><div class=\"wpb_wrapper\"><h3>DJS<\/h3>\n<\/div><\/div><div class=\"w-separator size_small\"><\/div><div class=\"g-cols wpb_row via_grid cols_5 laptops-cols_inherit tablets-cols_inherit mobiles-cols_1 valign_top type_default stacking_default\" style=\"--columns-gap:3rem;\"><div class=\"wpb_column vc_column_container\"><div class=\"vc_column-inner\"><div class=\"w-image style_shadow-1 align_left\"><div class=\"w-image-h\"><img decoding=\"async\" width=\"150\" height=\"150\" src=\"https:\/\/i0.wp.com\/berlin-kizzes.com\/wp-content\/uploads\/2025\/12\/DJ-VASCO-ARTIST-PROFILE-PICTURE-BKF-2026.png?resize=150%2C150&amp;ssl=1\" class=\"attachment-thumbnail size-thumbnail\" alt=\"\" loading=\"lazy\" srcset=\"https:\/\/i0.wp.com\/berlin-kizzes.com\/wp-content\/uploads\/2025\/12\/DJ-VASCO-ARTIST-PROFILE-PICTURE-BKF-2026.png?w=2000&amp;ssl=1 2000w, https:\/\/i0.wp.com\/berlin-kizzes.com\/wp-content\/uploads\/2025\/12\/DJ-VASCO-ARTIST-PROFILE-PICTURE-BKF-2026.png?resize=300%2C300&amp;ssl=1 300w, https:\/\/i0.wp.com\/berlin-kizzes.com\/wp-content\/uploads\/2025\/12\/DJ-VASCO-ARTIST-PROFILE-PICTURE-BKF-2026.png?resize=1024%2C1024&amp;ssl=1 1024w, https:\/\/i0.wp.com\/berlin-kizzes.com\/wp-content\/uploads\/2025\/12\/DJ-VASCO-ARTIST-PROFILE-PICTURE-BKF-2026.png?resize=150%2C150&amp;ssl=1 150w, https:\/\/i0.wp.com\/berlin-kizzes.com\/wp-content\/uploads\/2025\/12\/DJ-VASCO-ARTIST-PROFILE-PICTURE-BKF-2026.png?resize=12%2C12&amp;ssl=1 12w, https:\/\/i0.wp.com\/berlin-kizzes.com\/wp-content\/uploads\/2025\/12\/DJ-VASCO-ARTIST-PROFILE-PICTURE-BKF-2026.png?resize=50%2C50&amp;ssl=1 50w, https:\/\/i0.wp.com\/berlin-kizzes.com\/wp-content\/uploads\/2025\/12\/DJ-VASCO-ARTIST-PROFILE-PICTURE-BKF-2026.png?resize=700%2C700&amp;ssl=1 700w, https:\/\/i0.wp.com\/berlin-kizzes.com\/wp-content\/uploads\/2025\/12\/DJ-VASCO-ARTIST-PROFILE-PICTURE-BKF-2026.png?resize=800%2C800&amp;ssl=1 800w, https:\/\/i0.wp.com\/berlin-kizzes.com\/wp-content\/uploads\/2025\/12\/DJ-VASCO-ARTIST-PROFILE-PICTURE-BKF-2026.png?resize=400%2C400&amp;ssl=1 400w, https:\/\/i0.wp.com\/berlin-kizzes.com\/wp-content\/uploads\/2025\/12\/DJ-VASCO-ARTIST-PROFILE-PICTURE-BKF-2026.png?resize=1320%2C1320&amp;ssl=1 1320w\" sizes=\"auto, (max-width: 150px) 100vw, 150px\" \/><\/div><\/div><div class=\"wpb_text_column\"><div class=\"wpb_wrapper\"><p style=\"text-align: left;\">\u00a0\u00a0\u00a0\u00a0\u00a0\u00a0\u00a0\u00a0\u00a0 DJ Vasco<\/p>\n<\/div><\/div><\/div><\/div><div class=\"wpb_column vc_column_container\"><div class=\"vc_column-inner\"><div class=\"w-image style_shadow-1 align_left\"><div class=\"w-image-h\"><img decoding=\"async\" width=\"150\" height=\"150\" src=\"https:\/\/i0.wp.com\/berlin-kizzes.com\/wp-content\/uploads\/2025\/12\/DJ-STEFANIO-LIMA-ARTIST-PROFILE-PICTURE-BKF-2026.png?resize=150%2C150&amp;ssl=1\" class=\"attachment-thumbnail size-thumbnail\" alt=\"\" loading=\"lazy\" srcset=\"https:\/\/i0.wp.com\/berlin-kizzes.com\/wp-content\/uploads\/2025\/12\/DJ-STEFANIO-LIMA-ARTIST-PROFILE-PICTURE-BKF-2026.png?w=2000&amp;ssl=1 2000w, https:\/\/i0.wp.com\/berlin-kizzes.com\/wp-content\/uploads\/2025\/12\/DJ-STEFANIO-LIMA-ARTIST-PROFILE-PICTURE-BKF-2026.png?resize=300%2C300&amp;ssl=1 300w, https:\/\/i0.wp.com\/berlin-kizzes.com\/wp-content\/uploads\/2025\/12\/DJ-STEFANIO-LIMA-ARTIST-PROFILE-PICTURE-BKF-2026.png?resize=1024%2C1024&amp;ssl=1 1024w, https:\/\/i0.wp.com\/berlin-kizzes.com\/wp-content\/uploads\/2025\/12\/DJ-STEFANIO-LIMA-ARTIST-PROFILE-PICTURE-BKF-2026.png?resize=150%2C150&amp;ssl=1 150w, https:\/\/i0.wp.com\/berlin-kizzes.com\/wp-content\/uploads\/2025\/12\/DJ-STEFANIO-LIMA-ARTIST-PROFILE-PICTURE-BKF-2026.png?resize=12%2C12&amp;ssl=1 12w, https:\/\/i0.wp.com\/berlin-kizzes.com\/wp-content\/uploads\/2025\/12\/DJ-STEFANIO-LIMA-ARTIST-PROFILE-PICTURE-BKF-2026.png?resize=50%2C50&amp;ssl=1 50w, https:\/\/i0.wp.com\/berlin-kizzes.com\/wp-content\/uploads\/2025\/12\/DJ-STEFANIO-LIMA-ARTIST-PROFILE-PICTURE-BKF-2026.png?resize=700%2C700&amp;ssl=1 700w, https:\/\/i0.wp.com\/berlin-kizzes.com\/wp-content\/uploads\/2025\/12\/DJ-STEFANIO-LIMA-ARTIST-PROFILE-PICTURE-BKF-2026.png?resize=800%2C800&amp;ssl=1 800w, https:\/\/i0.wp.com\/berlin-kizzes.com\/wp-content\/uploads\/2025\/12\/DJ-STEFANIO-LIMA-ARTIST-PROFILE-PICTURE-BKF-2026.png?resize=400%2C400&amp;ssl=1 400w, https:\/\/i0.wp.com\/berlin-kizzes.com\/wp-content\/uploads\/2025\/12\/DJ-STEFANIO-LIMA-ARTIST-PROFILE-PICTURE-BKF-2026.png?resize=1320%2C1320&amp;ssl=1 1320w\" sizes=\"auto, (max-width: 150px) 100vw, 150px\" \/><\/div><\/div><div class=\"wpb_text_column\"><div class=\"wpb_wrapper\"><p style=\"text-align: left;\">\u00a0 \u00a0 \u00a0DJ Stefanio Lima<\/p>\n<\/div><\/div><\/div><\/div><div class=\"wpb_column vc_column_container\"><div class=\"vc_column-inner\"><div class=\"w-image style_shadow-1 align_left\"><div class=\"w-image-h\"><img decoding=\"async\" width=\"150\" height=\"150\" src=\"https:\/\/i0.wp.com\/berlin-kizzes.com\/wp-content\/uploads\/2025\/12\/DJ-NARC6-ARTIST-PROFILE-PICTURE-BKF-2026.png?resize=150%2C150&amp;ssl=1\" class=\"attachment-thumbnail size-thumbnail\" alt=\"\" loading=\"lazy\" srcset=\"https:\/\/i0.wp.com\/berlin-kizzes.com\/wp-content\/uploads\/2025\/12\/DJ-NARC6-ARTIST-PROFILE-PICTURE-BKF-2026.png?w=2000&amp;ssl=1 2000w, https:\/\/i0.wp.com\/berlin-kizzes.com\/wp-content\/uploads\/2025\/12\/DJ-NARC6-ARTIST-PROFILE-PICTURE-BKF-2026.png?resize=300%2C300&amp;ssl=1 300w, https:\/\/i0.wp.com\/berlin-kizzes.com\/wp-content\/uploads\/2025\/12\/DJ-NARC6-ARTIST-PROFILE-PICTURE-BKF-2026.png?resize=1024%2C1024&amp;ssl=1 1024w, https:\/\/i0.wp.com\/berlin-kizzes.com\/wp-content\/uploads\/2025\/12\/DJ-NARC6-ARTIST-PROFILE-PICTURE-BKF-2026.png?resize=150%2C150&amp;ssl=1 150w, https:\/\/i0.wp.com\/berlin-kizzes.com\/wp-content\/uploads\/2025\/12\/DJ-NARC6-ARTIST-PROFILE-PICTURE-BKF-2026.png?resize=12%2C12&amp;ssl=1 12w, https:\/\/i0.wp.com\/berlin-kizzes.com\/wp-content\/uploads\/2025\/12\/DJ-NARC6-ARTIST-PROFILE-PICTURE-BKF-2026.png?resize=50%2C50&amp;ssl=1 50w, https:\/\/i0.wp.com\/berlin-kizzes.com\/wp-content\/uploads\/2025\/12\/DJ-NARC6-ARTIST-PROFILE-PICTURE-BKF-2026.png?resize=700%2C700&amp;ssl=1 700w, https:\/\/i0.wp.com\/berlin-kizzes.com\/wp-content\/uploads\/2025\/12\/DJ-NARC6-ARTIST-PROFILE-PICTURE-BKF-2026.png?resize=800%2C800&amp;ssl=1 800w, https:\/\/i0.wp.com\/berlin-kizzes.com\/wp-content\/uploads\/2025\/12\/DJ-NARC6-ARTIST-PROFILE-PICTURE-BKF-2026.png?resize=400%2C400&amp;ssl=1 400w, https:\/\/i0.wp.com\/berlin-kizzes.com\/wp-content\/uploads\/2025\/12\/DJ-NARC6-ARTIST-PROFILE-PICTURE-BKF-2026.png?resize=1320%2C1320&amp;ssl=1 1320w\" sizes=\"auto, (max-width: 150px) 100vw, 150px\" \/><\/div><\/div><div class=\"wpb_text_column\"><div class=\"wpb_wrapper\"><p style=\"text-align: left;\">\u00a0\u00a0\u00a0\u00a0\u00a0\u00a0\u00a0\u00a0\u00a0 DJ Narc6<\/p>\n<\/div><\/div><\/div><\/div><div class=\"wpb_column vc_column_container\"><div class=\"vc_column-inner\"><div class=\"w-image style_shadow-1 align_left\"><div class=\"w-image-h\"><img decoding=\"async\" width=\"150\" height=\"150\" src=\"https:\/\/i0.wp.com\/berlin-kizzes.com\/wp-content\/uploads\/2025\/12\/DJ-IDRA-ARTIST-PROFILE-PICTURE-BKF-2026.png?resize=150%2C150&amp;ssl=1\" class=\"attachment-thumbnail size-thumbnail\" alt=\"\" loading=\"lazy\" srcset=\"https:\/\/i0.wp.com\/berlin-kizzes.com\/wp-content\/uploads\/2025\/12\/DJ-IDRA-ARTIST-PROFILE-PICTURE-BKF-2026.png?w=2000&amp;ssl=1 2000w, https:\/\/i0.wp.com\/berlin-kizzes.com\/wp-content\/uploads\/2025\/12\/DJ-IDRA-ARTIST-PROFILE-PICTURE-BKF-2026.png?resize=300%2C300&amp;ssl=1 300w, https:\/\/i0.wp.com\/berlin-kizzes.com\/wp-content\/uploads\/2025\/12\/DJ-IDRA-ARTIST-PROFILE-PICTURE-BKF-2026.png?resize=1024%2C1024&amp;ssl=1 1024w, https:\/\/i0.wp.com\/berlin-kizzes.com\/wp-content\/uploads\/2025\/12\/DJ-IDRA-ARTIST-PROFILE-PICTURE-BKF-2026.png?resize=150%2C150&amp;ssl=1 150w, https:\/\/i0.wp.com\/berlin-kizzes.com\/wp-content\/uploads\/2025\/12\/DJ-IDRA-ARTIST-PROFILE-PICTURE-BKF-2026.png?resize=12%2C12&amp;ssl=1 12w, https:\/\/i0.wp.com\/berlin-kizzes.com\/wp-content\/uploads\/2025\/12\/DJ-IDRA-ARTIST-PROFILE-PICTURE-BKF-2026.png?resize=50%2C50&amp;ssl=1 50w, https:\/\/i0.wp.com\/berlin-kizzes.com\/wp-content\/uploads\/2025\/12\/DJ-IDRA-ARTIST-PROFILE-PICTURE-BKF-2026.png?resize=700%2C700&amp;ssl=1 700w, https:\/\/i0.wp.com\/berlin-kizzes.com\/wp-content\/uploads\/2025\/12\/DJ-IDRA-ARTIST-PROFILE-PICTURE-BKF-2026.png?resize=800%2C800&amp;ssl=1 800w, https:\/\/i0.wp.com\/berlin-kizzes.com\/wp-content\/uploads\/2025\/12\/DJ-IDRA-ARTIST-PROFILE-PICTURE-BKF-2026.png?resize=400%2C400&amp;ssl=1 400w, https:\/\/i0.wp.com\/berlin-kizzes.com\/wp-content\/uploads\/2025\/12\/DJ-IDRA-ARTIST-PROFILE-PICTURE-BKF-2026.png?resize=1320%2C1320&amp;ssl=1 1320w\" sizes=\"auto, (max-width: 150px) 100vw, 150px\" \/><\/div><\/div><div class=\"wpb_text_column\"><div class=\"wpb_wrapper\"><p style=\"text-align: left;\">\u00a0\u00a0\u00a0\u00a0\u00a0\u00a0\u00a0\u00a0\u00a0 DJ Idra<\/p>\n<\/div><\/div><\/div><\/div><div class=\"wpb_column vc_column_container\"><div class=\"vc_column-inner\"><div class=\"w-image style_shadow-1 align_left\"><div class=\"w-image-h\"><img decoding=\"async\" width=\"150\" height=\"150\" src=\"https:\/\/i0.wp.com\/berlin-kizzes.com\/wp-content\/uploads\/2025\/12\/DJ-DAVID-RUELA-ARTIST-PROFILE-PICTURE-BKF-2026.png?resize=150%2C150&amp;ssl=1\" class=\"attachment-thumbnail size-thumbnail\" alt=\"\" loading=\"lazy\" srcset=\"https:\/\/i0.wp.com\/berlin-kizzes.com\/wp-content\/uploads\/2025\/12\/DJ-DAVID-RUELA-ARTIST-PROFILE-PICTURE-BKF-2026.png?w=2000&amp;ssl=1 2000w, https:\/\/i0.wp.com\/berlin-kizzes.com\/wp-content\/uploads\/2025\/12\/DJ-DAVID-RUELA-ARTIST-PROFILE-PICTURE-BKF-2026.png?resize=300%2C300&amp;ssl=1 300w, https:\/\/i0.wp.com\/berlin-kizzes.com\/wp-content\/uploads\/2025\/12\/DJ-DAVID-RUELA-ARTIST-PROFILE-PICTURE-BKF-2026.png?resize=1024%2C1024&amp;ssl=1 1024w, https:\/\/i0.wp.com\/berlin-kizzes.com\/wp-content\/uploads\/2025\/12\/DJ-DAVID-RUELA-ARTIST-PROFILE-PICTURE-BKF-2026.png?resize=150%2C150&amp;ssl=1 150w, https:\/\/i0.wp.com\/berlin-kizzes.com\/wp-content\/uploads\/2025\/12\/DJ-DAVID-RUELA-ARTIST-PROFILE-PICTURE-BKF-2026.png?resize=12%2C12&amp;ssl=1 12w, https:\/\/i0.wp.com\/berlin-kizzes.com\/wp-content\/uploads\/2025\/12\/DJ-DAVID-RUELA-ARTIST-PROFILE-PICTURE-BKF-2026.png?resize=50%2C50&amp;ssl=1 50w, https:\/\/i0.wp.com\/berlin-kizzes.com\/wp-content\/uploads\/2025\/12\/DJ-DAVID-RUELA-ARTIST-PROFILE-PICTURE-BKF-2026.png?resize=700%2C700&amp;ssl=1 700w, https:\/\/i0.wp.com\/berlin-kizzes.com\/wp-content\/uploads\/2025\/12\/DJ-DAVID-RUELA-ARTIST-PROFILE-PICTURE-BKF-2026.png?resize=800%2C800&amp;ssl=1 800w, https:\/\/i0.wp.com\/berlin-kizzes.com\/wp-content\/uploads\/2025\/12\/DJ-DAVID-RUELA-ARTIST-PROFILE-PICTURE-BKF-2026.png?resize=400%2C400&amp;ssl=1 400w, https:\/\/i0.wp.com\/berlin-kizzes.com\/wp-content\/uploads\/2025\/12\/DJ-DAVID-RUELA-ARTIST-PROFILE-PICTURE-BKF-2026.png?resize=1320%2C1320&amp;ssl=1 1320w\" sizes=\"auto, (max-width: 150px) 100vw, 150px\" \/><\/div><\/div><div class=\"wpb_text_column\"><div class=\"wpb_wrapper\"><p style=\"text-align: left;\">\u00a0 \u00a0 \u00a0 \u00a0 DJ David Ruela<\/p>\n<\/div><\/div><\/div><\/div><\/div><div class=\"w-separator size_small\"><\/div><div class=\"g-cols wpb_row via_grid cols_5 laptops-cols_inherit tablets-cols_inherit mobiles-cols_1 valign_top type_default stacking_default\" style=\"--columns-gap:3rem;\"><div class=\"wpb_column vc_column_container\"><div class=\"vc_column-inner\"><div class=\"w-image style_shadow-1 align_left\"><div class=\"w-image-h\"><img decoding=\"async\" width=\"150\" height=\"150\" src=\"https:\/\/i0.wp.com\/berlin-kizzes.com\/wp-content\/uploads\/2025\/12\/DJ-NAO-ARTIST-PROFILE-PICTURE-BKF-2026.png?resize=150%2C150&amp;ssl=1\" class=\"attachment-thumbnail size-thumbnail\" alt=\"\" loading=\"lazy\" srcset=\"https:\/\/i0.wp.com\/berlin-kizzes.com\/wp-content\/uploads\/2025\/12\/DJ-NAO-ARTIST-PROFILE-PICTURE-BKF-2026.png?w=2000&amp;ssl=1 2000w, https:\/\/i0.wp.com\/berlin-kizzes.com\/wp-content\/uploads\/2025\/12\/DJ-NAO-ARTIST-PROFILE-PICTURE-BKF-2026.png?resize=300%2C300&amp;ssl=1 300w, https:\/\/i0.wp.com\/berlin-kizzes.com\/wp-content\/uploads\/2025\/12\/DJ-NAO-ARTIST-PROFILE-PICTURE-BKF-2026.png?resize=1024%2C1024&amp;ssl=1 1024w, https:\/\/i0.wp.com\/berlin-kizzes.com\/wp-content\/uploads\/2025\/12\/DJ-NAO-ARTIST-PROFILE-PICTURE-BKF-2026.png?resize=150%2C150&amp;ssl=1 150w, https:\/\/i0.wp.com\/berlin-kizzes.com\/wp-content\/uploads\/2025\/12\/DJ-NAO-ARTIST-PROFILE-PICTURE-BKF-2026.png?resize=12%2C12&amp;ssl=1 12w, https:\/\/i0.wp.com\/berlin-kizzes.com\/wp-content\/uploads\/2025\/12\/DJ-NAO-ARTIST-PROFILE-PICTURE-BKF-2026.png?resize=50%2C50&amp;ssl=1 50w, https:\/\/i0.wp.com\/berlin-kizzes.com\/wp-content\/uploads\/2025\/12\/DJ-NAO-ARTIST-PROFILE-PICTURE-BKF-2026.png?resize=700%2C700&amp;ssl=1 700w, https:\/\/i0.wp.com\/berlin-kizzes.com\/wp-content\/uploads\/2025\/12\/DJ-NAO-ARTIST-PROFILE-PICTURE-BKF-2026.png?resize=800%2C800&amp;ssl=1 800w, https:\/\/i0.wp.com\/berlin-kizzes.com\/wp-content\/uploads\/2025\/12\/DJ-NAO-ARTIST-PROFILE-PICTURE-BKF-2026.png?resize=400%2C400&amp;ssl=1 400w, https:\/\/i0.wp.com\/berlin-kizzes.com\/wp-content\/uploads\/2025\/12\/DJ-NAO-ARTIST-PROFILE-PICTURE-BKF-2026.png?resize=1320%2C1320&amp;ssl=1 1320w\" sizes=\"auto, (max-width: 150px) 100vw, 150px\" \/><\/div><\/div><div class=\"wpb_text_column\"><div class=\"wpb_wrapper\"><p style=\"text-align: left;\">\u00a0\u00a0\u00a0\u00a0\u00a0\u00a0\u00a0\u00a0 DJ Nao<\/p>\n<\/div><\/div><\/div><\/div><div class=\"wpb_column vc_column_container\"><div class=\"vc_column-inner\"><div class=\"w-image style_shadow-1 align_left\"><div class=\"w-image-h\"><img decoding=\"async\" width=\"150\" height=\"150\" src=\"https:\/\/i0.wp.com\/berlin-kizzes.com\/wp-content\/uploads\/2025\/12\/DJ-BARTEF-ARTIST-PROFILE-PICTURE-BKF-2026.png?resize=150%2C150&amp;ssl=1\" class=\"attachment-thumbnail size-thumbnail\" alt=\"\" loading=\"lazy\" srcset=\"https:\/\/i0.wp.com\/berlin-kizzes.com\/wp-content\/uploads\/2025\/12\/DJ-BARTEF-ARTIST-PROFILE-PICTURE-BKF-2026.png?w=2000&amp;ssl=1 2000w, https:\/\/i0.wp.com\/berlin-kizzes.com\/wp-content\/uploads\/2025\/12\/DJ-BARTEF-ARTIST-PROFILE-PICTURE-BKF-2026.png?resize=300%2C300&amp;ssl=1 300w, https:\/\/i0.wp.com\/berlin-kizzes.com\/wp-content\/uploads\/2025\/12\/DJ-BARTEF-ARTIST-PROFILE-PICTURE-BKF-2026.png?resize=1024%2C1024&amp;ssl=1 1024w, https:\/\/i0.wp.com\/berlin-kizzes.com\/wp-content\/uploads\/2025\/12\/DJ-BARTEF-ARTIST-PROFILE-PICTURE-BKF-2026.png?resize=150%2C150&amp;ssl=1 150w, https:\/\/i0.wp.com\/berlin-kizzes.com\/wp-content\/uploads\/2025\/12\/DJ-BARTEF-ARTIST-PROFILE-PICTURE-BKF-2026.png?resize=12%2C12&amp;ssl=1 12w, https:\/\/i0.wp.com\/berlin-kizzes.com\/wp-content\/uploads\/2025\/12\/DJ-BARTEF-ARTIST-PROFILE-PICTURE-BKF-2026.png?resize=50%2C50&amp;ssl=1 50w, https:\/\/i0.wp.com\/berlin-kizzes.com\/wp-content\/uploads\/2025\/12\/DJ-BARTEF-ARTIST-PROFILE-PICTURE-BKF-2026.png?resize=700%2C700&amp;ssl=1 700w, https:\/\/i0.wp.com\/berlin-kizzes.com\/wp-content\/uploads\/2025\/12\/DJ-BARTEF-ARTIST-PROFILE-PICTURE-BKF-2026.png?resize=800%2C800&amp;ssl=1 800w, https:\/\/i0.wp.com\/berlin-kizzes.com\/wp-content\/uploads\/2025\/12\/DJ-BARTEF-ARTIST-PROFILE-PICTURE-BKF-2026.png?resize=400%2C400&amp;ssl=1 400w, https:\/\/i0.wp.com\/berlin-kizzes.com\/wp-content\/uploads\/2025\/12\/DJ-BARTEF-ARTIST-PROFILE-PICTURE-BKF-2026.png?resize=1320%2C1320&amp;ssl=1 1320w\" sizes=\"auto, (max-width: 150px) 100vw, 150px\" \/><\/div><\/div><div class=\"wpb_text_column\"><div class=\"wpb_wrapper\"><p style=\"text-align: left;\">\u00a0\u00a0\u00a0\u00a0\u00a0\u00a0\u00a0\u00a0\u00a0 DJ Bartef<\/p>\n<\/div><\/div><\/div><\/div><div class=\"wpb_column vc_column_container\"><div class=\"vc_column-inner\"><div class=\"w-image style_shadow-1 align_left\"><div class=\"w-image-h\"><img decoding=\"async\" width=\"150\" height=\"150\" src=\"https:\/\/i0.wp.com\/berlin-kizzes.com\/wp-content\/uploads\/2025\/12\/DJ-SUPAMAN-ARTIST-PROFILE-PICTURE-BKF-2026.png?resize=150%2C150&amp;ssl=1\" class=\"attachment-thumbnail size-thumbnail\" alt=\"\" loading=\"lazy\" srcset=\"https:\/\/i0.wp.com\/berlin-kizzes.com\/wp-content\/uploads\/2025\/12\/DJ-SUPAMAN-ARTIST-PROFILE-PICTURE-BKF-2026.png?w=2000&amp;ssl=1 2000w, https:\/\/i0.wp.com\/berlin-kizzes.com\/wp-content\/uploads\/2025\/12\/DJ-SUPAMAN-ARTIST-PROFILE-PICTURE-BKF-2026.png?resize=300%2C300&amp;ssl=1 300w, https:\/\/i0.wp.com\/berlin-kizzes.com\/wp-content\/uploads\/2025\/12\/DJ-SUPAMAN-ARTIST-PROFILE-PICTURE-BKF-2026.png?resize=1024%2C1024&amp;ssl=1 1024w, https:\/\/i0.wp.com\/berlin-kizzes.com\/wp-content\/uploads\/2025\/12\/DJ-SUPAMAN-ARTIST-PROFILE-PICTURE-BKF-2026.png?resize=150%2C150&amp;ssl=1 150w, https:\/\/i0.wp.com\/berlin-kizzes.com\/wp-content\/uploads\/2025\/12\/DJ-SUPAMAN-ARTIST-PROFILE-PICTURE-BKF-2026.png?resize=12%2C12&amp;ssl=1 12w, https:\/\/i0.wp.com\/berlin-kizzes.com\/wp-content\/uploads\/2025\/12\/DJ-SUPAMAN-ARTIST-PROFILE-PICTURE-BKF-2026.png?resize=50%2C50&amp;ssl=1 50w, https:\/\/i0.wp.com\/berlin-kizzes.com\/wp-content\/uploads\/2025\/12\/DJ-SUPAMAN-ARTIST-PROFILE-PICTURE-BKF-2026.png?resize=700%2C700&amp;ssl=1 700w, https:\/\/i0.wp.com\/berlin-kizzes.com\/wp-content\/uploads\/2025\/12\/DJ-SUPAMAN-ARTIST-PROFILE-PICTURE-BKF-2026.png?resize=800%2C800&amp;ssl=1 800w, https:\/\/i0.wp.com\/berlin-kizzes.com\/wp-content\/uploads\/2025\/12\/DJ-SUPAMAN-ARTIST-PROFILE-PICTURE-BKF-2026.png?resize=400%2C400&amp;ssl=1 400w, https:\/\/i0.wp.com\/berlin-kizzes.com\/wp-content\/uploads\/2025\/12\/DJ-SUPAMAN-ARTIST-PROFILE-PICTURE-BKF-2026.png?resize=1320%2C1320&amp;ssl=1 1320w\" sizes=\"auto, (max-width: 150px) 100vw, 150px\" \/><\/div><\/div><div class=\"wpb_text_column\"><div class=\"wpb_wrapper\"><p style=\"text-align: left;\">\u00a0 \u00a0 \u00a0 \u00a0 \u00a0 DJ Supaman<\/p>\n<\/div><\/div><\/div><\/div><div class=\"wpb_column vc_column_container\"><div class=\"vc_column-inner\"><div class=\"w-image style_shadow-1 align_left\"><div class=\"w-image-h\"><img decoding=\"async\" width=\"150\" height=\"150\" src=\"https:\/\/i0.wp.com\/berlin-kizzes.com\/wp-content\/uploads\/2025\/12\/DJ-EDDY-NICE-ARTIST-PROFILE-PICTURE-BKF-2026.png?resize=150%2C150&amp;ssl=1\" class=\"attachment-thumbnail size-thumbnail\" alt=\"\" loading=\"lazy\" srcset=\"https:\/\/i0.wp.com\/berlin-kizzes.com\/wp-content\/uploads\/2025\/12\/DJ-EDDY-NICE-ARTIST-PROFILE-PICTURE-BKF-2026.png?w=2000&amp;ssl=1 2000w, https:\/\/i0.wp.com\/berlin-kizzes.com\/wp-content\/uploads\/2025\/12\/DJ-EDDY-NICE-ARTIST-PROFILE-PICTURE-BKF-2026.png?resize=300%2C300&amp;ssl=1 300w, https:\/\/i0.wp.com\/berlin-kizzes.com\/wp-content\/uploads\/2025\/12\/DJ-EDDY-NICE-ARTIST-PROFILE-PICTURE-BKF-2026.png?resize=1024%2C1024&amp;ssl=1 1024w, https:\/\/i0.wp.com\/berlin-kizzes.com\/wp-content\/uploads\/2025\/12\/DJ-EDDY-NICE-ARTIST-PROFILE-PICTURE-BKF-2026.png?resize=150%2C150&amp;ssl=1 150w, https:\/\/i0.wp.com\/berlin-kizzes.com\/wp-content\/uploads\/2025\/12\/DJ-EDDY-NICE-ARTIST-PROFILE-PICTURE-BKF-2026.png?resize=12%2C12&amp;ssl=1 12w, https:\/\/i0.wp.com\/berlin-kizzes.com\/wp-content\/uploads\/2025\/12\/DJ-EDDY-NICE-ARTIST-PROFILE-PICTURE-BKF-2026.png?resize=50%2C50&amp;ssl=1 50w, https:\/\/i0.wp.com\/berlin-kizzes.com\/wp-content\/uploads\/2025\/12\/DJ-EDDY-NICE-ARTIST-PROFILE-PICTURE-BKF-2026.png?resize=700%2C700&amp;ssl=1 700w, https:\/\/i0.wp.com\/berlin-kizzes.com\/wp-content\/uploads\/2025\/12\/DJ-EDDY-NICE-ARTIST-PROFILE-PICTURE-BKF-2026.png?resize=800%2C800&amp;ssl=1 800w, https:\/\/i0.wp.com\/berlin-kizzes.com\/wp-content\/uploads\/2025\/12\/DJ-EDDY-NICE-ARTIST-PROFILE-PICTURE-BKF-2026.png?resize=400%2C400&amp;ssl=1 400w, https:\/\/i0.wp.com\/berlin-kizzes.com\/wp-content\/uploads\/2025\/12\/DJ-EDDY-NICE-ARTIST-PROFILE-PICTURE-BKF-2026.png?resize=1320%2C1320&amp;ssl=1 1320w\" sizes=\"auto, (max-width: 150px) 100vw, 150px\" \/><\/div><\/div><div class=\"wpb_text_column\"><div class=\"wpb_wrapper\"><p style=\"text-align: left;\">\u00a0 \u00a0 \u00a0 \u00a0 \u00a0DJ Eddy Nice<\/p>\n<\/div><\/div><\/div><\/div><div class=\"wpb_column vc_column_container\"><div class=\"vc_column-inner\"><div class=\"w-image style_shadow-1 align_left\"><div class=\"w-image-h\"><img decoding=\"async\" width=\"150\" height=\"150\" src=\"https:\/\/i0.wp.com\/berlin-kizzes.com\/wp-content\/uploads\/2025\/12\/DJ-ANDO-ARTIST-PROFILE-PICTURE-BKF-2026.png?resize=150%2C150&amp;ssl=1\" class=\"attachment-thumbnail size-thumbnail\" alt=\"\" loading=\"lazy\" srcset=\"https:\/\/i0.wp.com\/berlin-kizzes.com\/wp-content\/uploads\/2025\/12\/DJ-ANDO-ARTIST-PROFILE-PICTURE-BKF-2026.png?w=2000&amp;ssl=1 2000w, https:\/\/i0.wp.com\/berlin-kizzes.com\/wp-content\/uploads\/2025\/12\/DJ-ANDO-ARTIST-PROFILE-PICTURE-BKF-2026.png?resize=300%2C300&amp;ssl=1 300w, https:\/\/i0.wp.com\/berlin-kizzes.com\/wp-content\/uploads\/2025\/12\/DJ-ANDO-ARTIST-PROFILE-PICTURE-BKF-2026.png?resize=1024%2C1024&amp;ssl=1 1024w, https:\/\/i0.wp.com\/berlin-kizzes.com\/wp-content\/uploads\/2025\/12\/DJ-ANDO-ARTIST-PROFILE-PICTURE-BKF-2026.png?resize=150%2C150&amp;ssl=1 150w, https:\/\/i0.wp.com\/berlin-kizzes.com\/wp-content\/uploads\/2025\/12\/DJ-ANDO-ARTIST-PROFILE-PICTURE-BKF-2026.png?resize=12%2C12&amp;ssl=1 12w, https:\/\/i0.wp.com\/berlin-kizzes.com\/wp-content\/uploads\/2025\/12\/DJ-ANDO-ARTIST-PROFILE-PICTURE-BKF-2026.png?resize=50%2C50&amp;ssl=1 50w, https:\/\/i0.wp.com\/berlin-kizzes.com\/wp-content\/uploads\/2025\/12\/DJ-ANDO-ARTIST-PROFILE-PICTURE-BKF-2026.png?resize=700%2C700&amp;ssl=1 700w, https:\/\/i0.wp.com\/berlin-kizzes.com\/wp-content\/uploads\/2025\/12\/DJ-ANDO-ARTIST-PROFILE-PICTURE-BKF-2026.png?resize=800%2C800&amp;ssl=1 800w, https:\/\/i0.wp.com\/berlin-kizzes.com\/wp-content\/uploads\/2025\/12\/DJ-ANDO-ARTIST-PROFILE-PICTURE-BKF-2026.png?resize=400%2C400&amp;ssl=1 400w, https:\/\/i0.wp.com\/berlin-kizzes.com\/wp-content\/uploads\/2025\/12\/DJ-ANDO-ARTIST-PROFILE-PICTURE-BKF-2026.png?resize=1320%2C1320&amp;ssl=1 1320w\" sizes=\"auto, (max-width: 150px) 100vw, 150px\" \/><\/div><\/div><div class=\"wpb_text_column\"><div class=\"wpb_wrapper\"><p style=\"text-align: left;\">\u00a0 \u00a0 \u00a0 \u00a0 \u00a0 \u00a0 DJ Ando<\/p>\n<\/div><\/div><\/div><\/div><\/div><\/div><\/div><\/div><\/div><\/section><section class=\"l-section wpb_row height_medium\"><div class=\"l-section-h i-cf\"><div class=\"g-cols vc_row via_grid cols_1 laptops-cols_inherit tablets-cols_inherit mobiles-cols_1 valign_top type_default stacking_default\"><div class=\"wpb_column vc_column_container\"><div class=\"vc_column-inner\"><div class=\"w-btn-wrapper align_center\"><a class=\"w-btn us-btn-style_3 us_custom_55a228b5\" title=\"DJS\" href=\"https:\/\/berlin-kizzes.com\/de\/artists\/instructors\/\"><span class=\"w-btn-label\">INSTRUCTORS<\/span><\/a><\/div><\/div><\/div><\/div><\/div><\/section>","protected":false},"excerpt":{"rendered":"DJS \u00a0\u00a0\u00a0\u00a0\u00a0\u00a0\u00a0\u00a0\u00a0 DJ Vasco \u00a0 \u00a0 \u00a0DJ Stefanio Lima \u00a0\u00a0\u00a0\u00a0\u00a0\u00a0\u00a0\u00a0\u00a0 DJ Narc6 \u00a0\u00a0\u00a0\u00a0\u00a0\u00a0\u00a0\u00a0\u00a0 DJ Idra \u00a0 \u00a0 \u00a0 \u00a0 DJ David Ruela \u00a0\u00a0\u00a0\u00a0\u00a0\u00a0\u00a0\u00a0 DJ Nao \u00a0\u00a0\u00a0\u00a0\u00a0\u00a0\u00a0\u00a0\u00a0 DJ Bartef \u00a0 \u00a0 \u00a0 \u00a0 \u00a0 DJ Supaman \u00a0 \u00a0 \u00a0 \u00a0 \u00a0DJ Eddy Nice \u00a0 \u00a0 \u00a0 \u00a0 \u00a0 \u00a0 DJ Ando INSTRUCTORS","protected":false},"author":1,"featured_media":0,"parent":51,"menu_order":0,"comment_status":"closed","ping_status":"closed","template":"","meta":{"footnotes":""},"class_list":["post-57","page","type-page","status-publish","hentry"],"jetpack-related-posts":[{"id":55,"url":"https:\/\/berlin-kizzes.com\/de\/artists\/instructors\/","url_meta":{"origin":57,"position":0},"title":"INSTRUCTORS","author":"A_Leslie","date":"23. Dezember 2023","format":false,"excerpt":"","rel":"","context":"\u00c4hnlicher Beitrag","block_context":{"text":"\u00c4hnlicher Beitrag","link":""},"img":{"alt_text":"","src":"","width":0,"height":0},"classes":[]},{"id":59,"url":"https:\/\/berlin-kizzes.com\/de\/artists\/media\/","url_meta":{"origin":57,"position":1},"title":"MEDIA","author":"A_Leslie","date":"23. Dezember 2023","format":false,"excerpt":"","rel":"","context":"\u00c4hnlicher Beitrag","block_context":{"text":"\u00c4hnlicher Beitrag","link":""},"img":{"alt_text":"","src":"","width":0,"height":0},"classes":[]},{"id":183,"url":"https:\/\/berlin-kizzes.com\/de\/","url_meta":{"origin":57,"position":2},"title":"HOME","author":"A_Leslie","date":"23. Dezember 2023","format":false,"excerpt":"","rel":"","context":"\u00c4hnlicher Beitrag","block_context":{"text":"\u00c4hnlicher Beitrag","link":""},"img":{"alt_text":"","src":"","width":0,"height":0},"classes":[]},{"id":123,"url":"https:\/\/berlin-kizzes.com\/de\/venue-hotels\/","url_meta":{"origin":57,"position":3},"title":"VENUE &#038; HOTELS","author":"A_Leslie","date":"23. Dezember 2023","format":false,"excerpt":"","rel":"","context":"\u00c4hnlicher Beitrag","block_context":{"text":"\u00c4hnlicher Beitrag","link":""},"img":{"alt_text":"","src":"","width":0,"height":0},"classes":[]},{"id":121,"url":"https:\/\/berlin-kizzes.com\/de\/tickets\/name-changes\/","url_meta":{"origin":57,"position":4},"title":"NAMENS\u00c4NDERUNG","author":"A_Leslie","date":"23. Dezember 2023","format":false,"excerpt":"","rel":"","context":"\u00c4hnlicher Beitrag","block_context":{"text":"\u00c4hnlicher Beitrag","link":""},"img":{"alt_text":"","src":"","width":0,"height":0},"classes":[]},{"id":129,"url":"https:\/\/berlin-kizzes.com\/de\/contact\/","url_meta":{"origin":57,"position":5},"title":"KONTAKT","author":"A_Leslie","date":"23. Dezember 2023","format":false,"excerpt":"","rel":"","context":"\u00c4hnlicher Beitrag","block_context":{"text":"\u00c4hnlicher Beitrag","link":""},"img":{"alt_text":"","src":"","width":0,"height":0},"classes":[]}],"jetpack_sharing_enabled":true,"_links":{"self":[{"href":"https:\/\/berlin-kizzes.com\/de\/wp-json\/wp\/v2\/pages\/57","targetHints":{"allow":["GET"]}}],"collection":[{"href":"https:\/\/berlin-kizzes.com\/de\/wp-json\/wp\/v2\/pages"}],"about":[{"href":"https:\/\/berlin-kizzes.com\/de\/wp-json\/wp\/v2\/types\/page"}],"author":[{"embeddable":true,"href":"https:\/\/berlin-kizzes.com\/de\/wp-json\/wp\/v2\/users\/1"}],"replies":[{"embeddable":true,"href":"https:\/\/berlin-kizzes.com\/de\/wp-json\/wp\/v2\/comments?post=57"}],"version-history":[{"count":10,"href":"https:\/\/berlin-kizzes.com\/de\/wp-json\/wp\/v2\/pages\/57\/revisions"}],"predecessor-version":[{"id":1295,"href":"https:\/\/berlin-kizzes.com\/de\/wp-json\/wp\/v2\/pages\/57\/revisions\/1295"}],"up":[{"embeddable":true,"href":"https:\/\/berlin-kizzes.com\/de\/wp-json\/wp\/v2\/pages\/51"}],"wp:attachment":[{"href":"https:\/\/berlin-kizzes.com\/de\/wp-json\/wp\/v2\/media?parent=57"}],"curies":[{"name":"wp","href":"https:\/\/api.w.org\/{rel}","templated":true}]}}