{"id":51,"date":"2023-02-13T15:24:34","date_gmt":"2023-02-13T14:24:34","guid":{"rendered":"https:\/\/berlin-kizzes.com\/?page_id=51"},"modified":"2024-03-27T16:23:37","modified_gmt":"2024-03-27T15:23:37","slug":"artists","status":"publish","type":"page","link":"https:\/\/berlin-kizzes.com\/de\/artists\/","title":{"rendered":"ARTISTS"},"content":{"rendered":"<section class=\"l-section wpb_row height_small\"><div class=\"l-section-h i-cf\"><div class=\"g-cols vc_row via_grid cols_1 laptops-cols_inherit tablets-cols_inherit mobiles-cols_1 valign_top type_default stacking_default\"><div class=\"wpb_column vc_column_container\"><div class=\"vc_column-inner\"><div class=\"wpb_text_column\"><div class=\"wpb_wrapper\"><h3>ARTISTS<\/h3>\n<\/div><\/div><\/div><\/div><\/div><\/div><\/section><section class=\"l-section wpb_row height_small\"><div class=\"l-section-h i-cf\"><div class=\"g-cols vc_row via_grid cols_1 laptops-cols_inherit tablets-cols_inherit mobiles-cols_1 valign_top type_default stacking_default\"><div class=\"wpb_column vc_column_container\"><div class=\"vc_column-inner\"><div class=\"wpb_text_column\"><div class=\"wpb_wrapper\"><div id=\"c88eedc0-26b1-47e4-928d-369f0f2eda65\" class=\"widget widget-content widget-content-content-4\">\n<div id=\"c88eedc0-26b1-47e4-928d-369f0f2eda65\" class=\"x-el x-el-div x-el c1-1 c1-2 c1-1o c1-b c1-c c1-d c1-e c1-f c1-g c1-1 c1-2 c1-b c1-c c1-d c1-e c1-f c1-g\" role=\"region\" data-ux=\"Widget\">\n<div>\n<section class=\"x-el x-el-section c1-1 c1-2 c1-1o c1-i c1-j c1-b c1-c c1-l c1-m c1-d c1-e c1-f c1-g\" data-ux=\"Section\">\n<div class=\"x-el x-el-div c1-1 c1-2 c1-1q c1-1r c1-1s c1-1t c1-1u c1-b c1-c c1-1v c1-d c1-1w c1-e c1-1x c1-f c1-1y c1-g\" data-ux=\"Container\">\n<div class=\"x-el x-el-div c1-1 c1-2 c1-q c1-a2 c1-a3 c1-a4 c1-1a c1-a5 c1-1b c1-a6 c1-2z c1-b c1-c c1-a7 c1-a8 c1-a9 c1-aa c1-d c1-e c1-f c1-g\" data-ux=\"Grid\">\n<div class=\"x-el x-el-div c1-1 c1-2 c1-a2 c1-ab c1-ac c1-ad c1-1u c1-51 c1-ae c1-52 c1-af c1-b c1-c c1-ag c1-ah c1-ai c1-aj c1-ak c1-al c1-am c1-d c1-an c1-ao c1-ap c1-e c1-f c1-g\" data-ux=\"GridCell\">\n<div class=\"x-el x-el-div x-el c1-1 c1-2 c1-q c1-7u c1-4 c1-az c1-s c1-2z c1-aq c1-ar c1-b c1-c c1-b0 c1-b1 c1-d c1-e c1-f c1-g c1-1 c1-2 c1-b c1-c c1-d c1-e c1-f c1-g\" data-ux=\"ContentBasic\">\n<div class=\"x-el c1-1 c1-2 c1-17 c1-18 c1-19 c1-1a c1-1b c1-b2 c1-b3 c1-b4 c1-b5 c1-b6 c1-b7 c1-b8 c1-b9 c1-ba c1-bb c1-bc c1-bd c1-be c1-bf c1-bg c1-bh c1-bi c1-bj c1-bk c1-bl c1-bm c1-bn c1-bo c1-bp c1-bq c1-br c1-bs c1-bt c1-ab c1-b c1-25 c1-4f c1-26 c1-4g c1-4h c1-4i c1-4j x-rt\" data-ux=\"FeaturedText\" data-aid=\"CONTENT_WELCOME_DESCRIPTION_RENDERED\" data-typography=\"BodyAlpha\" data-font-scaled=\"true\">\n<p>Wir w\u00e4hlen unsere K\u00fcnstler\/innen sowie die DJs sorgf\u00e4ltig aus. Wir bestehen darauf, <strong class=\"x-el x-el-span c1-3j c1-3k c1-b c1-bu c1-1i c1-1c c1-bv\">sie mit eigenen Augen\/Ohren gesehen\/geh\u00f6rt zu haben, bevor wir sie in unser Line-Up aufnehmen<\/strong>.<\/p>\n<p>Unsere <a title=\"INSTRUCTORS\" href=\"https:\/\/berlin-kizzes.com\/de\/artists\/instructors\/\"><strong class=\"x-el x-el-span c1-3j c1-3k c1-b c1-bu c1-1i c1-1c c1-bv\">Lehrenden\u00a0<\/strong><\/a> lieben Tanz und Musik und sind begeisterte Social Dancer. Wir achten darauf, dass die Lehrer\/innen, die als Paar unterrichten, auch im Unterricht zu gleichen Anteilen aktiv sind. Es ist uns wichtig, bescheidene, freundliche und zug\u00e4ngliche Lehrer\/innen zu haben, die keine Starall\u00fcren haben. Wir sind immer auf der Suche nach neuen Talenten, T\u00e4nzer\/innen, die kreativ und leidenschaftlich sind, T\u00e4nzer\/innen, die einfach lieben, was sie tun.<\/p>\n<p>Unsere<a title=\"DJS\" href=\"https:\/\/berlin-kizzes.com\/de\/artists\/djs\/\"> <strong class=\"x-el x-el-span c1-3j c1-3k c1-b c1-bu c1-1i c1-1c c1-bv\">DJs\u00a0 <\/strong><\/a>werden die Atmosph\u00e4re f\u00fcr einige deiner besten und denkw\u00fcrdigen Momente auf der Tanzfl\u00e4che schaffen. Sei dir sicher, dass sie alles tun werden, um dich zum Tanzen zu bringen, bis die Lichter angehen.<\/p>\n<p>Wir bem\u00fchen uns auch, einige der besten Social-T\u00e4nzer\/innen (Special Guests) der Szene einzuladen sowie Taxi-Teams vor Ort zu haben, um sicherzustellen, dass Du auf dem Berlin Kizzes Festival viele sch\u00f6ne T\u00e4nze hast.<\/p>\n<\/div>\n<\/div>\n<\/div>\n<\/div>\n<\/div>\n<\/section>\n<\/div>\n<\/div>\n<\/div>\n<\/div><\/div><\/div><\/div><\/div><\/div><\/section>","protected":false},"excerpt":{"rendered":"ARTISTS We carefully select our artists, the instructors as well as the DJ&#8217;s. We make it a point of having seen\/heard them with our own eyes\/ears, before adding them to our line up. Our instructors\u00a0 love dancing &amp; music and are avid social dancers. We take care that teachers that teach us a couple are...","protected":false},"author":1,"featured_media":0,"parent":0,"menu_order":0,"comment_status":"closed","ping_status":"closed","template":"","meta":{"footnotes":""},"class_list":["post-51","page","type-page","status-publish","hentry"],"jetpack-related-posts":[{"id":959,"url":"https:\/\/berlin-kizzes.com\/de\/travel-details\/","url_meta":{"origin":51,"position":0},"title":"Travel Details","author":"A_Leslie","date":"6. November 2024","format":false,"excerpt":"","rel":"","context":"\u00c4hnlicher Beitrag","block_context":{"text":"\u00c4hnlicher Beitrag","link":""},"img":{"alt_text":"","src":"https:\/\/i0.wp.com\/berlin-kizzes.com\/wp-content\/uploads\/2025\/10\/WEBPAGE-BKF-2026-e1759674031902.png?fit=676%2C840&ssl=1&resize=350%2C200","width":350,"height":200,"srcset":"https:\/\/i0.wp.com\/berlin-kizzes.com\/wp-content\/uploads\/2025\/10\/WEBPAGE-BKF-2026-e1759674031902.png?fit=676%2C840&ssl=1&resize=350%2C200 1x, https:\/\/i0.wp.com\/berlin-kizzes.com\/wp-content\/uploads\/2025\/10\/WEBPAGE-BKF-2026-e1759674031902.png?fit=676%2C840&ssl=1&resize=525%2C300 1.5x"},"classes":[]},{"id":59,"url":"https:\/\/berlin-kizzes.com\/de\/artists\/media\/","url_meta":{"origin":51,"position":1},"title":"MEDIA","author":"A_Leslie","date":"23. Dezember 2023","format":false,"excerpt":"","rel":"","context":"\u00c4hnlicher Beitrag","block_context":{"text":"\u00c4hnlicher Beitrag","link":""},"img":{"alt_text":"","src":"","width":0,"height":0},"classes":[]},{"id":129,"url":"https:\/\/berlin-kizzes.com\/de\/contact\/","url_meta":{"origin":51,"position":2},"title":"KONTAKT","author":"A_Leslie","date":"23. Dezember 2023","format":false,"excerpt":"","rel":"","context":"\u00c4hnlicher Beitrag","block_context":{"text":"\u00c4hnlicher Beitrag","link":""},"img":{"alt_text":"","src":"","width":0,"height":0},"classes":[]},{"id":55,"url":"https:\/\/berlin-kizzes.com\/de\/artists\/instructors\/","url_meta":{"origin":51,"position":3},"title":"INSTRUCTORS","author":"A_Leslie","date":"23. Dezember 2023","format":false,"excerpt":"","rel":"","context":"\u00c4hnlicher Beitrag","block_context":{"text":"\u00c4hnlicher Beitrag","link":""},"img":{"alt_text":"","src":"","width":0,"height":0},"classes":[]},{"id":57,"url":"https:\/\/berlin-kizzes.com\/de\/artists\/djs\/","url_meta":{"origin":51,"position":4},"title":"DJS","author":"A_Leslie","date":"23. Dezember 2023","format":false,"excerpt":"","rel":"","context":"\u00c4hnlicher Beitrag","block_context":{"text":"\u00c4hnlicher Beitrag","link":""},"img":{"alt_text":"","src":"","width":0,"height":0},"classes":[]},{"id":183,"url":"https:\/\/berlin-kizzes.com\/de\/","url_meta":{"origin":51,"position":5},"title":"HOME","author":"A_Leslie","date":"23. Dezember 2023","format":false,"excerpt":"","rel":"","context":"\u00c4hnlicher Beitrag","block_context":{"text":"\u00c4hnlicher Beitrag","link":""},"img":{"alt_text":"","src":"","width":0,"height":0},"classes":[]}],"jetpack_sharing_enabled":true,"_links":{"self":[{"href":"https:\/\/berlin-kizzes.com\/de\/wp-json\/wp\/v2\/pages\/51","targetHints":{"allow":["GET"]}}],"collection":[{"href":"https:\/\/berlin-kizzes.com\/de\/wp-json\/wp\/v2\/pages"}],"about":[{"href":"https:\/\/berlin-kizzes.com\/de\/wp-json\/wp\/v2\/types\/page"}],"author":[{"embeddable":true,"href":"https:\/\/berlin-kizzes.com\/de\/wp-json\/wp\/v2\/users\/1"}],"replies":[{"embeddable":true,"href":"https:\/\/berlin-kizzes.com\/de\/wp-json\/wp\/v2\/comments?post=51"}],"version-history":[{"count":9,"href":"https:\/\/berlin-kizzes.com\/de\/wp-json\/wp\/v2\/pages\/51\/revisions"}],"predecessor-version":[{"id":712,"href":"https:\/\/berlin-kizzes.com\/de\/wp-json\/wp\/v2\/pages\/51\/revisions\/712"}],"wp:attachment":[{"href":"https:\/\/berlin-kizzes.com\/de\/wp-json\/wp\/v2\/media?parent=51"}],"curies":[{"name":"wp","href":"https:\/\/api.w.org\/{rel}","templated":true}]}}