{"id":42,"date":"2023-12-23T16:12:18","date_gmt":"2023-12-23T15:12:18","guid":{"rendered":"https:\/\/berlin-kizzes.com\/?page_id=42"},"modified":"2023-12-23T16:12:18","modified_gmt":"2023-12-23T15:12:18","slug":"news","status":"publish","type":"page","link":"https:\/\/berlin-kizzes.com\/de\/news\/","title":{"rendered":"NEWS"},"content":{"rendered":"<section class=\"l-section wpb_row height_small\"><div class=\"l-section-h i-cf\"><div class=\"g-cols vc_row via_grid cols_1 laptops-cols_inherit tablets-cols_inherit mobiles-cols_1 valign_top type_default stacking_default\"><div class=\"wpb_column vc_column_container\"><div class=\"vc_column-inner\"><div class=\"wpb_text_column\"><div class=\"wpb_wrapper\"><h3>NEWS<\/h3>\n<\/div><\/div><\/div><\/div><\/div><\/div><\/section><section class=\"l-section wpb_row height_small\"><div class=\"l-section-h i-cf\"><div class=\"g-cols vc_row via_grid cols_2 laptops-cols_inherit tablets-cols_inherit mobiles-cols_1 valign_top type_default stacking_default\"><div class=\"wpb_column vc_column_container\"><div class=\"vc_column-inner\"><div class=\"w-grid us_grid type_grid layout_blog_14 cols_1 pagination_regular preload_style_spinner\" id=\"us_grid_1\" style=\"--columns:1;--gap:1.5rem;\" data-filterable=\"true\"><style>@media (min-width:1024px){#us_grid_1 .w-post-elm.post_title{font-size:14px!important}}.layout_blog_14 .w-grid-item-h{}@media(max-width:479px){.layout_blog_14 .usg_post_image_1{display:none!important}}.layout_blog_14 .usg_hwrapper_1{color:var(--color-content-text)!important;margin-left:10%!important;padding-top:6%!important;padding-bottom:6%!important;background:var(--color-content-bg-alt)!important}.layout_blog_14 .usg_post_image_1{width:50%!important;margin-left:-11%!important;margin-right:0!important}.layout_blog_14 .usg_vwrapper_1{width:48%!important;margin-left:7%!important}.layout_blog_14 .usg_post_date_1{font-size:0.9rem!important}.layout_blog_14 .usg_post_title_1{font-weight:700!important;line-height:1.2!important}.layout_blog_14 .usg_post_content_1{font-size:0.9rem!important}@media (max-width:600px){.layout_blog_14 .usg_hwrapper_1{margin-left:0!important;margin-right:0!important;padding-top:0!important;padding-bottom:0!important}.layout_blog_14 .usg_post_image_1{width:100%!important;margin-left:0!important;margin-right:0!important}.layout_blog_14 .usg_vwrapper_1{width:86%!important;margin:5% 7% 7% 7%!important}}<\/style><div class=\"w-grid-list\">\t<article class=\"w-grid-item size_1x1 post-1018 post type-post status-publish format-standard hentry category-news\" data-id=\"1018\">\r\n\t\t<div class=\"w-grid-item-h\">\r\n\t\t\t\t\t\t<div class=\"w-hwrapper usg_hwrapper_1 has_text_color align_none valign_center wrap\"><div class=\"w-vwrapper usg_vwrapper_1 align_none valign_top\"><time class=\"w-post-elm post_date usg_post_date_1 entry-date published\" datetime=\"2025-02-22T13:06:10+01:00\" title=\"22 Februar 2025 um 13:06:10 Europe\/Berlin\u00a0Uhr\">vor 1\u00a0Jahr<\/time><h2 class=\"w-post-elm post_title usg_post_title_1 entry-title color_link_inherit\"><a href=\"https:\/\/berlin-kizzes.com\/de\/2025\/02\/22\/party-pass-coming-soon\/\">PARTY PASS COMING SOON !<\/a><\/h2><div class=\"w-post-elm post_content usg_post_content_1\">Get ready for the Party Pass on the 1st of March for Berlin Kizzes Festival &#8211; 24th &#8211; 28th July 2025 Included in the Party Pass: All Socials &#8211; Fri,&hellip;<\/div><\/div><\/div>\t\t<\/div>\r\n\t\t\t<\/article>\r\n\t<article class=\"w-grid-item size_1x1 post-850 post type-post status-publish format-standard hentry category-news\" data-id=\"850\">\r\n\t\t<div class=\"w-grid-item-h\">\r\n\t\t\t\t\t\t<div class=\"w-hwrapper usg_hwrapper_1 has_text_color align_none valign_center wrap\"><div class=\"w-vwrapper usg_vwrapper_1 align_none valign_top\"><time class=\"w-post-elm post_date usg_post_date_1 entry-date published\" datetime=\"2024-06-12T14:20:50+02:00\" title=\"12 Juni 2024 um 14:20:50 Europe\/Berlin\u00a0Uhr\">vor 2\u00a0Jahren<\/time><h2 class=\"w-post-elm post_title usg_post_title_1 entry-title color_link_inherit\"><a href=\"https:\/\/berlin-kizzes.com\/de\/2024\/06\/12\/all-new-broski-pass-available\/\">ALL NEW BROSKI PASS AVAILABLE<\/a><\/h2><div class=\"w-post-elm post_content usg_post_content_1\">BROSKI PASS FOR 178\u20ac NOW AVAILABLE! &#8211; GRAB YOUR BRO AND JOIN THE FUN in package: 2x Gentleman Fullpass &#8211; access to all workshops &#8211; access to all socials &#8211;&hellip;<\/div><\/div><\/div>\t\t<\/div>\r\n\t\t\t<\/article>\r\n\t<article class=\"w-grid-item size_1x1 post-845 post type-post status-publish format-standard hentry category-news\" data-id=\"845\">\r\n\t\t<div class=\"w-grid-item-h\">\r\n\t\t\t\t\t\t<div class=\"w-hwrapper usg_hwrapper_1 has_text_color align_none valign_center wrap\"><div class=\"w-vwrapper usg_vwrapper_1 align_none valign_top\"><time class=\"w-post-elm post_date usg_post_date_1 entry-date published\" datetime=\"2024-06-12T14:14:30+02:00\" title=\"12 Juni 2024 um 14:14:30 Europe\/Berlin\u00a0Uhr\">vor 2\u00a0Jahren<\/time><h2 class=\"w-post-elm post_title usg_post_title_1 entry-title color_link_inherit\"><a href=\"https:\/\/berlin-kizzes.com\/de\/2024\/06\/12\/couple-pass-available-now\/\">COUPLE PASS AVAILABLE NOW<\/a><\/h2><div class=\"w-post-elm post_content usg_post_content_1\">COUPLE PASS FOR 188\u20ac NOW AVAILABLE! in package: 1x Gentleman &amp; 1x Lady Fullpass &#8211; access to all workshops &#8211; access to all socials &#8211; access to all parties (friday,&hellip;<\/div><\/div><\/div>\t\t<\/div>\r\n\t\t\t<\/article>\r\n\t<article class=\"w-grid-item size_1x1 post-746 post type-post status-publish format-standard hentry category-news\" data-id=\"746\">\r\n\t\t<div class=\"w-grid-item-h\">\r\n\t\t\t\t\t\t<div class=\"w-hwrapper usg_hwrapper_1 has_text_color align_none valign_center wrap\"><div class=\"w-vwrapper usg_vwrapper_1 align_none valign_top\"><time class=\"w-post-elm post_date usg_post_date_1 entry-date published\" datetime=\"2024-03-28T14:57:37+01:00\" title=\"28 M\u00e4rz 2024 um 14:57:37 Europe\/Berlin\u00a0Uhr\">vor 2\u00a0Jahren<\/time><h2 class=\"w-post-elm post_title usg_post_title_1 entry-title color_link_inherit\"><a href=\"https:\/\/berlin-kizzes.com\/de\/2024\/03\/28\/2025-sale-starting\/\">2025 TICKET SALES STARTING SOON<\/a><\/h2><div class=\"w-post-elm post_content usg_post_content_1\">EARLYBIRD TICKET FOR 89\u20ac COMING 1st of APRIL! &#8211; access to all socials &#8211; access to all parties (friday, saturday &amp; sunday)<\/div><\/div><\/div>\t\t<\/div>\r\n\t\t\t<\/article>\r\n\t<article class=\"w-grid-item size_1x1 post-390 post type-post status-publish format-standard hentry category-news\" data-id=\"390\">\r\n\t\t<div class=\"w-grid-item-h\">\r\n\t\t\t\t\t\t<div class=\"w-hwrapper usg_hwrapper_1 has_text_color align_none valign_center wrap\"><div class=\"w-vwrapper usg_vwrapper_1 align_none valign_top\"><time class=\"w-post-elm post_date usg_post_date_1 entry-date published\" datetime=\"2023-02-20T15:06:54+01:00\" title=\"20 Februar 2023 um 15:06:54 Europe\/Berlin\u00a0Uhr\">vor 3\u00a0Jahren<\/time><h2 class=\"w-post-elm post_title usg_post_title_1 entry-title color_link_inherit\"><a href=\"https:\/\/berlin-kizzes.com\/de\/2023\/02\/20\/partypass-available-now\/\">PARTYPASS AVAILABLE NOW<\/a><\/h2><div class=\"w-post-elm post_content usg_post_content_1\">&nbsp; PARTYPASS FOR 89\u20ac IS OUT NOW! &#8211; access to all socials &#8211; access to all parties<\/div><\/div><\/div>\t\t<\/div>\r\n\t\t\t<\/article>\r\n<\/div>\t<div class=\"w-grid-preloader\">\r\n\t\t<div class=\"g-preloader type_1\">\r\n\t\t\t<div><\/div>\r\n\t\t<\/div>\r\n\t<\/div>\r\n\t\t<div class=\"w-grid-json hidden\" onclick='return {&quot;action&quot;:&quot;us_ajax_grid&quot;,&quot;infinite_scroll&quot;:0,&quot;max_num_pages&quot;:1,&quot;pagination&quot;:&quot;regular&quot;,&quot;template_vars&quot;:{&quot;columns&quot;:&quot;1&quot;,&quot;exclude_items&quot;:&quot;none&quot;,&quot;img_size&quot;:&quot;thumbnail&quot;,&quot;ignore_items_size&quot;:0,&quot;items_layout&quot;:&quot;blog_14&quot;,&quot;items_offset&quot;:&quot;1&quot;,&quot;load_animation&quot;:&quot;none&quot;,&quot;overriding_link&quot;:&quot;{\\&quot;url\\&quot;:\\&quot;\\&quot;}&quot;,&quot;post_id&quot;:0,&quot;query_args&quot;:{&quot;post_type&quot;:[&quot;post&quot;],&quot;tax_query&quot;:[{&quot;taxonomy&quot;:&quot;category&quot;,&quot;field&quot;:&quot;slug&quot;,&quot;terms&quot;:[&quot;news&quot;]}],&quot;post_status&quot;:[&quot;publish&quot;],&quot;posts_per_page&quot;:&quot;10&quot;},&quot;orderby_query_args&quot;:{&quot;orderby&quot;:{&quot;date&quot;:&quot;DESC&quot;}},&quot;type&quot;:&quot;grid&quot;,&quot;us_grid_post_type&quot;:&quot;post&quot;,&quot;us_grid_ajax_index&quot;:1,&quot;us_grid_filter_query_string&quot;:null,&quot;us_grid_index&quot;:1,&quot;page_args&quot;:[]}}'><\/div>\r\n\t<\/div><\/div><\/div><div class=\"wpb_column vc_column_container\"><div class=\"vc_column-inner\"><div class=\"w-search us-field-style_1 layout_simple iconpos_right\" style=\"--inputs-background:var(--color-content-border);--inputs-focus-background:var(--color-content-border);\"><div class=\"w-search-form\"><form class=\"w-form-row for_text\" role=\"search\" action=\"https:\/\/berlin-kizzes.com\/de\/\" method=\"get\"><div class=\"w-form-row-field\"><input type=\"text\" name=\"s\" placeholder=\"Suchen\" aria-label=\"Suchen\" value\/><input type=\"hidden\" name=\"post_type\" value=\"post\" \/><\/div><button class=\"w-search-form-btn w-btn\" type=\"submit\" aria-label=\"Suchen\" style=\"--icon-size:18px;\"><i class=\"fas fa-search\"><\/i><\/button><\/form><\/div><\/div><div class=\"w-separator size_medium\"><\/div><div  class=\"vc_wp_posts wpb_content_element\">\n\t\t<div class=\"widget widget_recent_entries\">\n\t\t<h2 class=\"widgettitle\">Recent Posts<\/h2>\n\t\t<ul>\n\t\t\t\t\t\t\t\t\t\t\t<li>\n\t\t\t\t\t<a href=\"https:\/\/berlin-kizzes.com\/de\/2025\/02\/22\/party-pass-coming-soon\/\">PARTY PASS COMING SOON !<\/a>\n\t\t\t\t\t\t\t\t\t<\/li>\n\t\t\t\t\t\t\t\t\t\t\t<li>\n\t\t\t\t\t<a href=\"https:\/\/berlin-kizzes.com\/de\/2024\/06\/12\/all-new-broski-pass-available\/\">ALL NEW BROSKI PASS AVAILABLE<\/a>\n\t\t\t\t\t\t\t\t\t<\/li>\n\t\t\t\t\t\t\t\t\t\t\t<li>\n\t\t\t\t\t<a href=\"https:\/\/berlin-kizzes.com\/de\/2024\/06\/12\/couple-pass-available-now\/\">COUPLE PASS AVAILABLE NOW<\/a>\n\t\t\t\t\t\t\t\t\t<\/li>\n\t\t\t\t\t\t\t\t\t\t\t<li>\n\t\t\t\t\t<a href=\"https:\/\/berlin-kizzes.com\/de\/2024\/03\/28\/2025-sale-starting\/\">2025 TICKET SALES STARTING SOON<\/a>\n\t\t\t\t\t\t\t\t\t<\/li>\n\t\t\t\t\t\t\t\t\t\t\t<li>\n\t\t\t\t\t<a href=\"https:\/\/berlin-kizzes.com\/de\/2023\/02\/20\/partypass-available-now\/\">PARTYPASS AVAILABLE NOW<\/a>\n\t\t\t\t\t\t\t\t\t<\/li>\n\t\t\t\t\t<\/ul>\n\n\t\t<\/div><\/div><div class=\"w-separator size_small\"><\/div><div class=\"wpb_text_column\"><div class=\"wpb_wrapper\"><p>JOIN OUR NEWSLETTER!<\/p>\n<\/div><\/div><form class=\"w-form  us-field-style_1 us_custom_b26b9ca7 layout_ver show_message_after_sending for_cform us_form_1\" action=\"https:\/\/berlin-kizzes.com\/de\/de\/wp-json\/wp\/v2\/pages\/42\" method=\"post\"><div class=\"w-form-h\"><div class=\"w-form-row for_email required\">\r\n\t\t<div class=\"w-form-row-field\">\r\n\t\t\t\t\t\t<input aria-label=\"E-Mail\" type=\"email\" name=\"us_form_1_email_1\" value placeholder=\"E-Mail *\" data-required=\"true\" aria-required=\"true\"\/>\r\n\t\t\t<\/div>\r\n\t\t<div class=\"w-form-row-state\">Bitte gib eine g\u00fcltige E-Mail-Adresse ein.<\/div>\r\n<\/div>\r\n<input type=\"hidden\" name=\"action\" value=\"us_ajax_cform\" \/>\r\n<input type=\"hidden\" name=\"post_id\" value=\"0\" \/>\r\n<input type=\"hidden\" name=\"form_index\" value=\"1\" \/>\r\n<div class=\"w-form-row for_submit align_none\"><button class=\"w-btn us-btn-style_1\" type=\"submit\" aria-label=\"Absenden\"><span class=\"g-preloader type_1\"><\/span><span class=\"w-btn-label\">Absenden<\/span><\/button><\/div><\/div><div class=\"w-form-message\"><\/div><div class=\"w-form-json hidden\" onclick='return {&quot;ajaxurl&quot;:&quot;https:\\\/\\\/berlin-kizzes.com\\\/wp-admin\\\/admin-ajax.php&quot;,&quot;messages&quot;:{&quot;err_empty&quot;:&quot;Bitte f\\u00fcllen Sie dieses Feld aus.&quot;,&quot;err_size&quot;:&quot;Die Dateigr\\u00f6\\u00dfe darf %s MB nicht \\u00fcberschreiten&quot;,&quot;err_extension&quot;:&quot;Dateityp %s ist nicht zul\\u00e4ssig&quot;,&quot;err_recaptcha_keys&quot;:&quot;reCAPTCHA-Schl\\u00fcssel sind fehlerhaft&quot;}}'><\/div><\/form><\/div><\/div><\/div><\/div><\/section>\n","protected":false},"excerpt":{"rendered":"&nbsp; PARTYPASS FOR 89\u20ac IS OUT NOW! - access to all socials - access to all parties","protected":false},"author":1,"featured_media":0,"parent":0,"menu_order":0,"comment_status":"closed","ping_status":"closed","template":"","meta":{"footnotes":""},"class_list":["post-42","page","type-page","status-publish","hentry"],"jetpack-related-posts":[{"id":129,"url":"https:\/\/berlin-kizzes.com\/de\/contact\/","url_meta":{"origin":42,"position":0},"title":"KONTAKT","author":"A_Leslie","date":"23. Dezember 2023","format":false,"excerpt":"","rel":"","context":"\u00c4hnlicher Beitrag","block_context":{"text":"\u00c4hnlicher Beitrag","link":""},"img":{"alt_text":"","src":"","width":0,"height":0},"classes":[]},{"id":121,"url":"https:\/\/berlin-kizzes.com\/de\/tickets\/name-changes\/","url_meta":{"origin":42,"position":1},"title":"NAMENS\u00c4NDERUNG","author":"A_Leslie","date":"23. Dezember 2023","format":false,"excerpt":"","rel":"","context":"\u00c4hnlicher Beitrag","block_context":{"text":"\u00c4hnlicher Beitrag","link":""},"img":{"alt_text":"","src":"","width":0,"height":0},"classes":[]},{"id":108,"url":"https:\/\/berlin-kizzes.com\/de\/tickets\/","url_meta":{"origin":42,"position":2},"title":"TICKETS","author":"A_Leslie","date":"23. Dezember 2023","format":false,"excerpt":"","rel":"","context":"\u00c4hnlicher Beitrag","block_context":{"text":"\u00c4hnlicher Beitrag","link":""},"img":{"alt_text":"","src":"","width":0,"height":0},"classes":[]},{"id":183,"url":"https:\/\/berlin-kizzes.com\/de\/","url_meta":{"origin":42,"position":3},"title":"HOME","author":"A_Leslie","date":"23. Dezember 2023","format":false,"excerpt":"","rel":"","context":"\u00c4hnlicher Beitrag","block_context":{"text":"\u00c4hnlicher Beitrag","link":""},"img":{"alt_text":"","src":"","width":0,"height":0},"classes":[]},{"id":68,"url":"https:\/\/berlin-kizzes.com\/de\/schedule\/","url_meta":{"origin":42,"position":4},"title":"PROGRAMM","author":"A_Leslie","date":"23. Dezember 2023","format":false,"excerpt":"","rel":"","context":"\u00c4hnlicher Beitrag","block_context":{"text":"\u00c4hnlicher Beitrag","link":""},"img":{"alt_text":"","src":"","width":0,"height":0},"classes":[]},{"id":1129,"url":"https:\/\/berlin-kizzes.com\/de\/dresscodes\/","url_meta":{"origin":42,"position":5},"title":"DRESS CODES","author":"A_Leslie","date":"15. Juli 2025","format":false,"excerpt":"","rel":"","context":"\u00c4hnlicher Beitrag","block_context":{"text":"\u00c4hnlicher Beitrag","link":""},"img":{"alt_text":"","src":"","width":0,"height":0},"classes":[]}],"jetpack_sharing_enabled":true,"_links":{"self":[{"href":"https:\/\/berlin-kizzes.com\/de\/wp-json\/wp\/v2\/pages\/42","targetHints":{"allow":["GET"]}}],"collection":[{"href":"https:\/\/berlin-kizzes.com\/de\/wp-json\/wp\/v2\/pages"}],"about":[{"href":"https:\/\/berlin-kizzes.com\/de\/wp-json\/wp\/v2\/types\/page"}],"author":[{"embeddable":true,"href":"https:\/\/berlin-kizzes.com\/de\/wp-json\/wp\/v2\/users\/1"}],"replies":[{"embeddable":true,"href":"https:\/\/berlin-kizzes.com\/de\/wp-json\/wp\/v2\/comments?post=42"}],"version-history":[{"count":9,"href":"https:\/\/berlin-kizzes.com\/de\/wp-json\/wp\/v2\/pages\/42\/revisions"}],"predecessor-version":[{"id":410,"href":"https:\/\/berlin-kizzes.com\/de\/wp-json\/wp\/v2\/pages\/42\/revisions\/410"}],"wp:attachment":[{"href":"https:\/\/berlin-kizzes.com\/de\/wp-json\/wp\/v2\/media?parent=42"}],"curies":[{"name":"wp","href":"https:\/\/api.w.org\/{rel}","templated":true}]}}