{"id":135,"date":"2023-12-23T16:12:18","date_gmt":"2023-12-23T15:12:18","guid":{"rendered":"https:\/\/berlin-kizzes.com\/?page_id=135"},"modified":"2023-12-23T16:12:18","modified_gmt":"2023-12-23T15:12:18","slug":"vendors","status":"publish","type":"page","link":"https:\/\/berlin-kizzes.com\/de\/contact\/cooperation\/vendors\/","title":{"rendered":"VENDORS"},"content":{"rendered":"<section class=\"l-section wpb_row height_small\"><div class=\"l-section-h i-cf\"><div class=\"g-cols vc_row via_grid cols_1 laptops-cols_inherit tablets-cols_inherit mobiles-cols_1 valign_top type_default stacking_default\"><div class=\"wpb_column vc_column_container\"><div class=\"vc_column-inner\"><div class=\"wpb_text_column\"><div class=\"wpb_wrapper\"><h3>VENDORS<\/h3>\n<\/div><\/div><\/div><\/div><\/div><\/div><\/section><section class=\"l-section wpb_row height_auto\"><div class=\"l-section-h i-cf\"><div class=\"g-cols vc_row via_grid cols_1 laptops-cols_inherit tablets-cols_inherit mobiles-cols_1 valign_top type_default stacking_default\"><div class=\"wpb_column vc_column_container\"><div class=\"vc_column-inner\"><div class=\"wpb_text_column\"><div class=\"wpb_wrapper\"><div class=\"main-content-container container gdlr-item-start-content\">\n<div class=\"gdlr-item gdlr-main-content\">\n<p class=\"p1\"><span class=\"s1\">Das Berlin Kizzes Festival bietet dir die M\u00f6glichkeit, deine Produkte vor 300-400 Teilnehmern an einem Ort zu pr\u00e4sentieren.<br \/>\n<\/span><\/p>\n<p class=\"p1\"><span class=\"s1\">Nutze diese Gelegenheit, um deine Produkte\/dein Unternehmen zu pr\u00e4sentieren und zu bewerben.<\/span><\/p>\n<p class=\"p1\"><span class=\"s1\">Miete eine Verkaufsfl\u00e4che f\u00fcr 4 Tage Workshops und Partys.<\/span><\/p>\n<p class=\"p1\"><span class=\"s1\">Alle Anbieter werden gebeten, sich direkt an uns zu wenden - sende uns eine <a href=\"mailto:kontakt@berlin-kizzes.com\">mail<\/a> um Informationen \u00fcber die Verf\u00fcgbarkeit von Verkaufsfl\u00e4chen, Geb\u00fchren und Vorschriften zu erhalten.<\/span><\/p>\n<p class=\"p1\"><span class=\"s1\"><strong>Verkaufsstand - Schuhe, Kleidung, usw.<\/strong> (4 Tage von Donnerstag bis Sonntag) <strong>120-200\u20ac<\/strong><\/span><\/p>\n<ul>\n<li class=\"p1\"><span class=\"s1\">Verkaufsstand w\u00e4hrend der 4 Festivaltage im Hauptveranstaltungsort - KulturBrauerei<br \/>\n<\/span><\/li>\n<li class=\"p1\">wir stellen Tische und St\u00fchle<\/li>\n<li>1 Roll-up (falls vorhanden)<\/li>\n<\/ul>\n<p class=\"p1\"><span class=\"s1\"><strong>Verkaufsstand - Schmuck, Accessoires, usw.<\/strong> (4 Tage von Donnerstag bis Sonntag) <strong>120-200\u20ac<\/strong><\/span><\/p>\n<ul>\n<li class=\"p1\"><span class=\"s1\">Verkaufsstand w\u00e4hrend der 4 Festivaltage im Hauptveranstaltungsort - KulturBrauerei<br \/>\n<\/span><\/li>\n<li class=\"p1\">wir stellen Tische und St\u00fchle<\/li>\n<li>1 Roll-up (falls vorhanden)<\/li>\n<\/ul>\n<p><strong>Werbetreibende<\/strong> <span class=\"s1\">(4 days from Thursday to Sunday) <\/span>\u2013 <strong>Bitte kontaktiere uns<br \/>\n<\/strong><\/p>\n<ul>\n<li>Digitaler Bildschirm<\/li>\n<li>1 Roll-up<\/li>\n<\/ul>\n<p>&nbsp;<\/p>\n<\/div>\n<\/div>\n<\/div><\/div><\/div><\/div><\/div><\/div><\/section><section class=\"l-section wpb_row height_small\"><div class=\"l-section-h i-cf\"><div class=\"g-cols vc_row via_grid cols_1 laptops-cols_inherit tablets-cols_inherit mobiles-cols_1 valign_top type_default stacking_default\"><div class=\"wpb_column vc_column_container\"><div class=\"vc_column-inner\"><div class=\"w-separator size_small\"><\/div><\/div><\/div><\/div><\/div><\/section>","protected":false},"excerpt":{"rendered":"VENDORS Berlin Kizzes Festival offers a possibility to present your products to 300-400 participants gathered in one place. Use this opportunity to present and promote your products\/business. Rent sales space during 4 days of workshops and parties. All vendors are requested to contact us directly \u2013 send us a mail to obtain information on availability...","protected":false},"author":1,"featured_media":0,"parent":133,"menu_order":0,"comment_status":"closed","ping_status":"closed","template":"","meta":{"footnotes":""},"class_list":["post-135","page","type-page","status-publish","hentry"],"jetpack-related-posts":[{"id":119,"url":"https:\/\/berlin-kizzes.com\/de\/terms-and-conditions\/","url_meta":{"origin":135,"position":0},"title":"AGB","author":"A_Leslie","date":"23. Dezember 2023","format":false,"excerpt":"","rel":"","context":"\u00c4hnlicher Beitrag","block_context":{"text":"\u00c4hnlicher Beitrag","link":""},"img":{"alt_text":"","src":"","width":0,"height":0},"classes":[]},{"id":183,"url":"https:\/\/berlin-kizzes.com\/de\/","url_meta":{"origin":135,"position":1},"title":"HOME","author":"A_Leslie","date":"23. Dezember 2023","format":false,"excerpt":"","rel":"","context":"\u00c4hnlicher Beitrag","block_context":{"text":"\u00c4hnlicher Beitrag","link":""},"img":{"alt_text":"","src":"","width":0,"height":0},"classes":[]},{"id":123,"url":"https:\/\/berlin-kizzes.com\/de\/venue-hotels\/","url_meta":{"origin":135,"position":2},"title":"VENUE &#038; HOTELS","author":"A_Leslie","date":"23. Dezember 2023","format":false,"excerpt":"","rel":"","context":"\u00c4hnlicher Beitrag","block_context":{"text":"\u00c4hnlicher Beitrag","link":""},"img":{"alt_text":"","src":"","width":0,"height":0},"classes":[]},{"id":121,"url":"https:\/\/berlin-kizzes.com\/de\/tickets\/name-changes\/","url_meta":{"origin":135,"position":3},"title":"NAMENS\u00c4NDERUNG","author":"A_Leslie","date":"23. Dezember 2023","format":false,"excerpt":"","rel":"","context":"\u00c4hnlicher Beitrag","block_context":{"text":"\u00c4hnlicher Beitrag","link":""},"img":{"alt_text":"","src":"","width":0,"height":0},"classes":[]},{"id":117,"url":"https:\/\/berlin-kizzes.com\/de\/tickets\/buy-pass\/","url_meta":{"origin":135,"position":4},"title":"ZUM PASS","author":"A_Leslie","date":"23. Dezember 2023","format":false,"excerpt":"","rel":"","context":"\u00c4hnlicher Beitrag","block_context":{"text":"\u00c4hnlicher Beitrag","link":""},"img":{"alt_text":"","src":"","width":0,"height":0},"classes":[]}],"jetpack_sharing_enabled":true,"_links":{"self":[{"href":"https:\/\/berlin-kizzes.com\/de\/wp-json\/wp\/v2\/pages\/135","targetHints":{"allow":["GET"]}}],"collection":[{"href":"https:\/\/berlin-kizzes.com\/de\/wp-json\/wp\/v2\/pages"}],"about":[{"href":"https:\/\/berlin-kizzes.com\/de\/wp-json\/wp\/v2\/types\/page"}],"author":[{"embeddable":true,"href":"https:\/\/berlin-kizzes.com\/de\/wp-json\/wp\/v2\/users\/1"}],"replies":[{"embeddable":true,"href":"https:\/\/berlin-kizzes.com\/de\/wp-json\/wp\/v2\/comments?post=135"}],"version-history":[{"count":11,"href":"https:\/\/berlin-kizzes.com\/de\/wp-json\/wp\/v2\/pages\/135\/revisions"}],"predecessor-version":[{"id":574,"href":"https:\/\/berlin-kizzes.com\/de\/wp-json\/wp\/v2\/pages\/135\/revisions\/574"}],"up":[{"embeddable":true,"href":"https:\/\/berlin-kizzes.com\/de\/wp-json\/wp\/v2\/pages\/133"}],"wp:attachment":[{"href":"https:\/\/berlin-kizzes.com\/de\/wp-json\/wp\/v2\/media?parent=135"}],"curies":[{"name":"wp","href":"https:\/\/api.w.org\/{rel}","templated":true}]}}