{"id":129,"date":"2023-12-23T16:12:17","date_gmt":"2023-12-23T15:12:17","guid":{"rendered":"https:\/\/berlin-kizzes.com\/?page_id=129"},"modified":"2025-08-11T16:33:06","modified_gmt":"2025-08-11T14:33:06","slug":"contact","status":"publish","type":"page","link":"https:\/\/berlin-kizzes.com\/de\/contact\/","title":{"rendered":"KONTAKT"},"content":{"rendered":"<section class=\"l-section wpb_row height_small\"><div class=\"l-section-h i-cf\"><div class=\"g-cols vc_row via_grid cols_1 laptops-cols_inherit tablets-cols_inherit mobiles-cols_1 valign_top type_default stacking_default\"><div class=\"wpb_column vc_column_container\"><div class=\"vc_column-inner\"><div class=\"wpb_text_column\"><div class=\"wpb_wrapper\"><h3>KONTAKT \u2013 IMPRESSUM<\/h3>\n<\/div><\/div><\/div><\/div><\/div><\/div><\/section><section class=\"l-section wpb_row height_auto\"><div class=\"l-section-h i-cf\"><div class=\"g-cols vc_row via_grid cols_4 laptops-cols_inherit tablets-cols_inherit mobiles-cols_1 valign_top type_default stacking_default\" style=\"--columns-gap:2rem;\"><div class=\"wpb_column vc_column_container\"><div class=\"vc_column-inner\"><div class=\"w-image align_left\"><div class=\"w-image-h\"><img decoding=\"async\" width=\"150\" height=\"150\" src=\"https:\/\/i0.wp.com\/berlin-kizzes.com\/wp-content\/uploads\/2023\/02\/Leslie_Kizzes.png?resize=150%2C150&amp;ssl=1\" class=\"attachment-thumbnail size-thumbnail\" alt=\"\" loading=\"lazy\" srcset=\"https:\/\/i0.wp.com\/berlin-kizzes.com\/wp-content\/uploads\/2023\/02\/Leslie_Kizzes.png?w=1233&amp;ssl=1 1233w, https:\/\/i0.wp.com\/berlin-kizzes.com\/wp-content\/uploads\/2023\/02\/Leslie_Kizzes.png?resize=300%2C300&amp;ssl=1 300w, https:\/\/i0.wp.com\/berlin-kizzes.com\/wp-content\/uploads\/2023\/02\/Leslie_Kizzes.png?resize=1024%2C1024&amp;ssl=1 1024w, https:\/\/i0.wp.com\/berlin-kizzes.com\/wp-content\/uploads\/2023\/02\/Leslie_Kizzes.png?resize=150%2C150&amp;ssl=1 150w, https:\/\/i0.wp.com\/berlin-kizzes.com\/wp-content\/uploads\/2023\/02\/Leslie_Kizzes.png?resize=12%2C12&amp;ssl=1 12w, https:\/\/i0.wp.com\/berlin-kizzes.com\/wp-content\/uploads\/2023\/02\/Leslie_Kizzes.png?resize=50%2C50&amp;ssl=1 50w, https:\/\/i0.wp.com\/berlin-kizzes.com\/wp-content\/uploads\/2023\/02\/Leslie_Kizzes.png?resize=700%2C700&amp;ssl=1 700w\" sizes=\"auto, (max-width: 150px) 100vw, 150px\" \/><\/div><\/div><div class=\"w-separator size_small\"><\/div><div class=\"wpb_text_column\"><div class=\"wpb_wrapper\"><h5>Organisator &amp; Medien-\/Buchungskoordinator<\/h5>\n<p>Leslie Andoh-Wilson<br \/>\nE-Mail: <a href=\"mailto:l.wilson@berlin-kizzes.com\">l.wilson@berlin-kizzes.com<\/a><\/p>\n<\/div><\/div><\/div><\/div><\/div><\/div><\/section><section class=\"l-section wpb_row height_auto\"><div class=\"l-section-h i-cf\"><div class=\"g-cols vc_row via_grid cols_1 laptops-cols_inherit tablets-cols_inherit mobiles-cols_1 valign_top type_default stacking_default\"><div class=\"wpb_column vc_column_container\"><div class=\"vc_column-inner\"><div class=\"w-separator size_small with_line width_default thick_1 style_solid color_border align_center\"><div class=\"w-separator-h\"><\/div><\/div><\/div><\/div><\/div><\/div><\/section><section class=\"l-section wpb_row height_auto\"><div class=\"l-section-h i-cf\"><div class=\"g-cols vc_row via_grid cols_3 laptops-cols_inherit tablets-cols_inherit mobiles-cols_1 valign_top type_default stacking_default\"><div class=\"wpb_column vc_column_container\"><div class=\"vc_column-inner\"><div class=\"wpb_text_column\"><div class=\"wpb_wrapper\"><h5>UNTERNEHMENSDATEN<\/h5>\n<p>JaDaLeSh Dance Events UG<br \/>\nVeteranenstr. 22<br \/>\n10119 Berlin<\/p>\n<\/div><\/div><div class=\"w-separator size_large\"><\/div><div class=\"wpb_text_column\"><div class=\"wpb_wrapper\"><p>Hast du noch Fragen?<\/p>\n<\/div><\/div><div class=\"w-separator size_small\"><\/div><form class=\"w-form  us-field-style_1 layout_ver show_message_after_sending for_cform us_form_1\" action=\"https:\/\/berlin-kizzes.com\/de\/de\/wp-json\/wp\/v2\/pages\/129\" method=\"post\" data-trp-original-action=\"https:\/\/berlin-kizzes.com\/de\/de\/wp-json\/wp\/v2\/pages\/129\"><div class=\"w-form-h\"><div class=\"w-form-row for_text\">\r\n\t\t<div class=\"w-form-row-field\">\r\n\t\t\t\t\t\t<input aria-label=\"Name\" type=\"text\" name=\"us_form_1_text_1\" value placeholder=\"Name\"\/>\r\n\t\t\t<\/div>\r\n\t\t<div class=\"w-form-row-state\">Bitte f\u00fcllen Sie dieses Feld aus.<\/div>\r\n<\/div>\r\n<div class=\"w-form-row for_email\">\r\n\t\t<div class=\"w-form-row-field\">\r\n\t\t\t\t\t\t<input aria-label=\"E-Mail\" type=\"email\" name=\"us_form_1_email_1\" value placeholder=\"E-Mail\"\/>\r\n\t\t\t<\/div>\r\n\t\t<div class=\"w-form-row-state\">Bitte gib eine g\u00fcltige E-Mail-Adresse ein.<\/div>\r\n<\/div>\r\n<div class=\"w-form-row for_textarea\">\r\n\t\t<div class=\"w-form-row-field\">\r\n\t\t\t\t\t\t<textarea aria-label=\"Text\" name=\"us_form_1_textarea_1\" placeholder=\"Text\"><\/textarea>\r\n\t\t\t<\/div>\r\n\t\t<div class=\"w-form-row-state\">Bitte f\u00fcllen Sie dieses Feld aus.<\/div>\r\n<\/div>\r\n<input type=\"hidden\" name=\"action\" value=\"us_ajax_cform\" \/>\r\n<input type=\"hidden\" name=\"post_id\" value=\"0\" \/>\r\n<input type=\"hidden\" name=\"form_index\" value=\"1\" \/>\r\n<div class=\"w-form-row for_submit align_none\"><button class=\"w-btn us-btn-style_3\" type=\"submit\" aria-label=\"Absenden\"><span class=\"g-preloader type_1\"><\/span><span class=\"w-btn-label\">Absenden<\/span><\/button><\/div><\/div><div class=\"w-form-message\"><\/div><div class=\"w-form-json hidden\" onclick='return {&quot;ajaxurl&quot;:&quot;https:\\\/\\\/berlin-kizzes.com\\\/wp-admin\\\/admin-ajax.php&quot;,&quot;messages&quot;:{&quot;err_empty&quot;:&quot;Bitte f\\u00fcllen Sie dieses Feld aus.&quot;,&quot;err_size&quot;:&quot;Die Dateigr\\u00f6\\u00dfe darf %s MB nicht \\u00fcberschreiten&quot;,&quot;err_extension&quot;:&quot;Dateityp %s ist nicht zul\\u00e4ssig&quot;,&quot;err_recaptcha_keys&quot;:&quot;reCAPTCHA-Schl\\u00fcssel sind fehlerhaft&quot;}}'><\/div><input type=\"hidden\" name=\"trp-form-language\" value=\"de\"\/><\/form><\/div><\/div><div class=\"wpb_column vc_column_container\"><div class=\"vc_column-inner\"><div class=\"wpb_text_column\"><div class=\"wpb_wrapper\"><h5>VERANSTALTUNGSORT<\/h5>\n<p>KulturBrauerei<br \/>\nSch\u00f6nhauser Allee 36<br \/>\n10435 Berlin<\/p>\n<\/div><\/div><div class=\"w-separator size_small\"><\/div><\/div><\/div><div class=\"wpb_column vc_column_container\"><div class=\"vc_column-inner\"><div class=\"wpb_text_column\"><div class=\"wpb_wrapper\"><div class=\"x-el x-el-div c1-1 c1-2 c1-9r c1-a1 c1-a2 c1-a3 c1-1u c1-51 c1-a4 c1-52 c1-a5 c1-b c1-c c1-a8 c1-a9 c1-bn c1-ab c1-d c1-cs c1-ct c1-e c1-f c1-g\" data-ux=\"GridCell\">\n<div class=\"x-el x-el-div c1-1 c1-2 c1-b c1-c c1-d c1-e c1-f c1-g\" data-ux=\"Block\" data-aid=\"CONTACT_FORM_CONTAINER_REND\">\n<div id=\"bs-10\" class=\"x-el x-el-div c1-1 c1-2 c1-b c1-c c1-d c1-e c1-f c1-g\" data-ux=\"Element\">\n<div class=\"x-el x-el-div c2-1 c2-2 c2-3 c2-4 c2-5 c2-6 c2-7 c2-8\" data-ux=\"Block\">\n<form class=\"x-el x-el-form c2-1 c2-2 c2-27 c2-3 c2-4 c2-5 c2-6 c2-7 c2-8\" aria-live=\"polite\" data-ux=\"Form\" action=\"\">\n<div class=\"x-el x-el-div c2-1 c2-2 c2-3s c2-4j c2-3m c2-3 c2-4 c2-5 c2-6 c2-7 c2-8\" data-ux=\"Block\">\n<div id=\"906099c5-4863-4d3b-99fa-f29d597f0e38\" class=\"x-el x-el-div x-el c1-1 c1-2 c1-1o c1-b c1-c c1-d c1-e c1-f c1-g c1-1 c1-2 c1-b c1-c c1-d c1-e c1-f c1-g\" role=\"region\" data-ux=\"Widget\">\n<div>\n<section class=\"x-el x-el-section c1-1 c1-2 c1-1o c1-i c1-j c1-73 c1-b c1-c c1-l c1-m c1-d c1-e c1-f c1-g\" data-ux=\"Section\">\n<div class=\"x-el x-el-div c1-1 c1-2 c1-1q c1-1r c1-1s c1-1t c1-1u c1-b c1-c c1-1v c1-d c1-1w c1-e c1-1x c1-f c1-1y c1-g\" data-ux=\"Container\">\n<div class=\"x-el x-el-div c1-1 c1-2 c1-b c1-c c1-d c1-e c1-f c1-g\" data-ux=\"Content\">\n<div class=\"x-el x-el-div c1-1 c1-2 c1-q c1-9r c1-9s c1-9t c1-1a c1-9u c1-1b c1-9w c1-b c1-c c1-9x c1-9y c1-bl c1-a0 c1-d c1-e c1-f c1-g\" data-ux=\"Grid\">\n<div class=\"x-el x-el-div c1-1 c1-2 c1-9r c1-a1 c1-a2 c1-a3 c1-1u c1-51 c1-a4 c1-52 c1-a5 c1-b c1-c c1-a8 c1-a9 c1-bn c1-ab c1-d c1-cs c1-ct c1-e c1-f c1-g\" data-ux=\"GridCell\">\n<div class=\"x-el x-el-div c1-1 c1-2 c1-2z c1-dz c1-b c1-c c1-e0 c1-9x c1-d c1-e c1-f c1-g\" data-ux=\"Block\" data-aid=\"CONTACT_INFO_CONTAINER_REND\">\n<div class=\"x-el x-el-div c1-1 c1-2 c1-b c1-c c1-d c1-e c1-f c1-g\" data-ux=\"Block\">\n<div class=\"x-el x-el-div c1-1 c1-2 c1-e9 c1-b c1-c c1-d c1-e c1-f c1-g\" data-ux=\"Block\">\n<div class=\"x-el c1-1 c1-2 c1-17 c1-18 c1-19 c1-1a c1-1b c1-ao c1-ap c1-aq c1-ar c1-as c1-at c1-au c1-av c1-aw c1-ax c1-ay c1-az c1-b0 c1-b1 c1-b2 c1-b3 c1-b4 c1-b5 c1-b6 c1-b7 c1-b8 c1-b9 c1-ba c1-bb c1-bc c1-bd c1-be c1-bf c1-b c1-25 c1-c c1-26 c1-d c1-e c1-f c1-g x-rt\" data-ux=\"ContentText\" data-aid=\"CONTACT_HOURS_CUST_MSG_REND\" data-typography=\"BodyAlpha\">\n<p>Bitte vor der Kontaktaufnahme lesen<\/p>\n<\/div>\n<\/div>\n<\/div>\n<\/div>\n<\/div>\n<\/div>\n<\/div>\n<\/div>\n<\/section>\n<\/div>\n<\/div>\n<\/div>\n<input type=\"hidden\" name=\"trp-form-language\" value=\"de\"\/><\/form>\n<\/div>\n<\/div>\n<\/div>\n<\/div>\n<div id=\"2cd7f113-27e3-4e0c-be59-e703fa3ca109\" class=\"widget widget-content widget-content-content-4\">\n<div id=\"2cd7f113-27e3-4e0c-be59-e703fa3ca109\" class=\"x-el x-el-div x-el c1-1 c1-2 c1-h c1-b c1-c c1-d c1-e c1-f c1-g c1-1 c1-2 c1-b c1-c c1-d c1-e c1-f c1-g\" role=\"region\" data-ux=\"Widget\">\n<div>\n<section class=\"x-el x-el-section c1-1 c1-2 c1-h c1-i c1-j c1-b c1-c c1-l c1-m c1-d c1-e c1-f c1-g\" data-ux=\"Section\">\n<div class=\"x-el x-el-div c1-1 c1-2 c1-1q c1-1r c1-1s c1-1t c1-1u c1-b c1-c c1-1v c1-d c1-1w c1-e c1-1x c1-f c1-1y c1-g\" data-ux=\"Container\">\n<div class=\"x-el x-el-div c1-1 c1-2 c1-q c1-9r c1-9s c1-9t c1-1a c1-9u c1-1b c1-9w c1-2z c1-b c1-c c1-9x c1-9y c1-bl c1-a0 c1-d c1-e c1-f c1-g\" data-ux=\"Grid\">\n<div class=\"x-el x-el-div c1-1 c1-2 c1-9r c1-a1 c1-a2 c1-bm c1-1u c1-51 c1-a4 c1-52 c1-a5 c1-b c1-c c1-br c1-bs c1-bt c1-a8 c1-a9 c1-bn c1-ab c1-d c1-bu c1-bv c1-bw c1-e c1-f c1-g\" data-ux=\"GridCell\">\n<div class=\"x-el x-el-div x-el c1-1 c1-2 c1-q c1-7u c1-4 c1-ae c1-s c1-2z c1-af c1-ag c1-b c1-c c1-9p c1-9q c1-d c1-e c1-f c1-g c1-1 c1-2 c1-b c1-c c1-d c1-e c1-f c1-g\" data-ux=\"ContentBasic\">\n<div class=\"x-el c1-1 c1-2 c1-17 c1-18 c1-19 c1-1a c1-1b c1-ao c1-ap c1-aq c1-ar c1-as c1-at c1-au c1-av c1-aw c1-ax c1-ay c1-az c1-b0 c1-b1 c1-b2 c1-b3 c1-b4 c1-b5 c1-b6 c1-b7 c1-b8 c1-b9 c1-ba c1-bb c1-bc c1-bd c1-be c1-bf c1-a1 c1-b c1-by c1-c c1-26 c1-d c1-e c1-f c1-g x-rt\" data-ux=\"FeaturedText\" data-aid=\"CONTENT_WELCOME_DESCRIPTION_RENDERED\" data-typography=\"BodyAlpha\">\n<p><span class=\"x-el x-el-span c1-9n c1-9o c1-b c1-c c1-d c1-e c1-f c1-g\"><strong class=\"x-el x-el-span c1-3j c1-3k c1-b c1-bg c1-1i c1-1c c1-bh\">Wenn du ein Teilnehmer des Berlin Kizzes Festival 2026 bist, ignoriere bitte diesen Hinweis.<\/strong><\/span><\/p>\n<p class=\"translation-block\">Wenn du ein\/e K\u00fcnstler\/in oder DJ bist und mit uns zusammenarbeiten m\u00f6chtest, beachte bitte:<\/p>\n<p><span class=\"x-el x-el-span c1-9n c1-9o c1-b c1-c c1-d c1-e c1-f c1-g\">- Wir planen lange im Voraus (in der Regel ein Jahr) und unsere Slots sind bereits voll.<br \/>\n<\/span><\/p>\n<p><span class=\"x-el x-el-span c1-9n c1-9o c1-b c1-c c1-d c1-e c1-f c1-g\">- wenn du wissen willst <strong class=\"x-el x-el-span c1-3j c1-3k c1-b c1-bg c1-1i c1-1c c1-bh\">wie wir unsere K\u00fcnstler\/in ausw\u00e4hlen: <\/strong>In fast allen F\u00e4llen sehen wir sie irgendwo live, wir beobachten sie bei Socials und Partys, wir schauen uns ihre Workshops an oder besuchen sie. Wir wollen sehen, wie sie sich geben.<br \/>\nIm Falle der <strong class=\"x-el x-el-span c1-3j c1-3k c1-b c1-bg c1-1i c1-1c c1-bh\">DJs, wir m\u00fcssen dich vorher gesehen\/geh\u00f6rt haben<\/strong> irgendwo. Wenn du uns einen Lebenslauf mit einer Referenzliste und Links zu deinen Auftritten schickst, reicht das f\u00fcr uns nicht.<\/span><\/p>\n<p><span class=\"x-el x-el-span c1-9n c1-9o c1-b c1-c c1-d c1-e c1-f c1-g\">Wir danken dir f\u00fcr deine Zeit.<\/span><\/p>\n<\/div>\n<\/div>\n<\/div>\n<\/div>\n<\/div>\n<\/section>\n<\/div>\n<\/div>\n<\/div>\n<\/div><\/div><\/div><\/div><\/div><\/div><\/section><section class=\"l-section wpb_row height_auto\"><div class=\"l-section-h i-cf\"><div class=\"g-cols vc_row via_grid cols_1 laptops-cols_inherit tablets-cols_inherit mobiles-cols_1 valign_top type_default stacking_default\"><div class=\"wpb_column vc_column_container\"><div class=\"vc_column-inner\"><div class=\"w-separator size_medium\"><\/div><\/div><\/div><\/div><\/div><\/section>","protected":false},"excerpt":{"rendered":"CONTACT &#8211; IMPRESSUM Organiser &amp; Media\/Booking Coordinator Leslie Andoh-Wilson E-Mail: l.wilson@berlin-kizzes.com COMPANY DATA JaDaLeSh Dance Events UG Veteranenstr. 22 10119 Berlin Do you have questions? Bitte f\u00fcllen Sie dieses Feld aus. Bitte gib eine g\u00fcltige E-Mail-Adresse ein. Bitte f\u00fcllen Sie dieses Feld aus. AbsendenEVENT LOCATION KulturBrauerei Sch\u00f6nhauser Allee 36 10435 Berlin Please read before contacting...","protected":false},"author":1,"featured_media":0,"parent":0,"menu_order":0,"comment_status":"closed","ping_status":"closed","template":"","meta":{"footnotes":""},"class_list":["post-129","page","type-page","status-publish","hentry"],"jetpack-related-posts":[{"id":183,"url":"https:\/\/berlin-kizzes.com\/de\/","url_meta":{"origin":129,"position":0},"title":"HOME","author":"A_Leslie","date":"23. Dezember 2023","format":false,"excerpt":"","rel":"","context":"\u00c4hnlicher Beitrag","block_context":{"text":"\u00c4hnlicher Beitrag","link":""},"img":{"alt_text":"","src":"","width":0,"height":0},"classes":[]},{"id":68,"url":"https:\/\/berlin-kizzes.com\/de\/schedule\/","url_meta":{"origin":129,"position":1},"title":"PROGRAMM","author":"A_Leslie","date":"23. Dezember 2023","format":false,"excerpt":"","rel":"","context":"\u00c4hnlicher Beitrag","block_context":{"text":"\u00c4hnlicher Beitrag","link":""},"img":{"alt_text":"","src":"","width":0,"height":0},"classes":[]},{"id":1129,"url":"https:\/\/berlin-kizzes.com\/de\/dresscodes\/","url_meta":{"origin":129,"position":2},"title":"DRESS CODES","author":"A_Leslie","date":"15. Juli 2025","format":false,"excerpt":"","rel":"","context":"\u00c4hnlicher Beitrag","block_context":{"text":"\u00c4hnlicher Beitrag","link":""},"img":{"alt_text":"","src":"","width":0,"height":0},"classes":[]},{"id":96,"url":"https:\/\/berlin-kizzes.com\/de\/schedule\/social_party\/","url_meta":{"origin":129,"position":3},"title":"SOCIAL &#038; PARTY","author":"A_Leslie","date":"23. Dezember 2023","format":false,"excerpt":"","rel":"","context":"\u00c4hnlicher Beitrag","block_context":{"text":"\u00c4hnlicher Beitrag","link":""},"img":{"alt_text":"","src":"","width":0,"height":0},"classes":[]},{"id":94,"url":"https:\/\/berlin-kizzes.com\/de\/schedule\/workshop\/","url_meta":{"origin":129,"position":4},"title":"WORKSHOP","author":"A_Leslie","date":"23. Dezember 2023","format":false,"excerpt":"","rel":"","context":"\u00c4hnlicher Beitrag","block_context":{"text":"\u00c4hnlicher Beitrag","link":""},"img":{"alt_text":"","src":"","width":0,"height":0},"classes":[]},{"id":42,"url":"https:\/\/berlin-kizzes.com\/de\/news\/","url_meta":{"origin":129,"position":5},"title":"NEWS","author":"A_Leslie","date":"23. Dezember 2023","format":false,"excerpt":"","rel":"","context":"\u00c4hnlicher Beitrag","block_context":{"text":"\u00c4hnlicher Beitrag","link":""},"img":{"alt_text":"","src":"","width":0,"height":0},"classes":[]}],"jetpack_sharing_enabled":true,"_links":{"self":[{"href":"https:\/\/berlin-kizzes.com\/de\/wp-json\/wp\/v2\/pages\/129","targetHints":{"allow":["GET"]}}],"collection":[{"href":"https:\/\/berlin-kizzes.com\/de\/wp-json\/wp\/v2\/pages"}],"about":[{"href":"https:\/\/berlin-kizzes.com\/de\/wp-json\/wp\/v2\/types\/page"}],"author":[{"embeddable":true,"href":"https:\/\/berlin-kizzes.com\/de\/wp-json\/wp\/v2\/users\/1"}],"replies":[{"embeddable":true,"href":"https:\/\/berlin-kizzes.com\/de\/wp-json\/wp\/v2\/comments?post=129"}],"version-history":[{"count":11,"href":"https:\/\/berlin-kizzes.com\/de\/wp-json\/wp\/v2\/pages\/129\/revisions"}],"predecessor-version":[{"id":1196,"href":"https:\/\/berlin-kizzes.com\/de\/wp-json\/wp\/v2\/pages\/129\/revisions\/1196"}],"wp:attachment":[{"href":"https:\/\/berlin-kizzes.com\/de\/wp-json\/wp\/v2\/media?parent=129"}],"curies":[{"name":"wp","href":"https:\/\/api.w.org\/{rel}","templated":true}]}}