{"id":125,"date":"2023-12-23T16:12:17","date_gmt":"2023-12-23T15:12:17","guid":{"rendered":"https:\/\/berlin-kizzes.com\/?page_id=125"},"modified":"2026-04-16T16:13:05","modified_gmt":"2026-04-16T14:13:05","slug":"hotels-hostels","status":"publish","type":"page","link":"https:\/\/berlin-kizzes.com\/de\/venue-hotels\/hotels-hostels\/","title":{"rendered":"HOTELS &#038; HOSTELS"},"content":{"rendered":"<section class=\"l-section wpb_row height_small\"><div class=\"l-section-h i-cf\"><div class=\"g-cols vc_row via_grid cols_1 laptops-cols_inherit tablets-cols_inherit mobiles-cols_1 valign_top type_default stacking_default\"><div class=\"wpb_column vc_column_container\"><div class=\"vc_column-inner\"><div class=\"wpb_text_column\"><div class=\"wpb_wrapper\"><h3>HOTELS &amp; HOSTELS<\/h3>\n<\/div><\/div><\/div><\/div><\/div><\/div><\/section><section class=\"l-section wpb_row height_auto\"><div class=\"l-section-h i-cf\"><div class=\"g-cols vc_row via_grid cols_2 laptops-cols_inherit tablets-cols_inherit mobiles-cols_1 valign_top type_default stacking_default\" style=\"--columns-gap:2rem;\"><div class=\"wpb_column vc_column_container\"><div class=\"vc_column-inner\"><div class=\"wpb_text_column\"><div class=\"wpb_wrapper\"><h5>MAIN HOTEL &#8211; <a href=\"https:\/\/hotel-zarenhof.de\/?lang=en\" target=\"_blank\" rel=\"noopener\">ZARENHOF HOTEL &amp; APARTMENT<\/a><\/h5>\n<\/div><\/div><div class=\"w-separator size_small\"><\/div><div class=\"w-image style_shadow-1 align_center\"><div class=\"w-image-h\"><img data-recalc-dims=\"1\" decoding=\"async\" width=\"700\" height=\"467\" src=\"https:\/\/i0.wp.com\/berlin-kizzes.com\/wp-content\/uploads\/2023\/02\/Zaren-hof.jpg?resize=700%2C467&#038;ssl=1\" class=\"attachment-us_700_700_crop size-us_700_700_crop\" alt=\"\" loading=\"lazy\" srcset=\"https:\/\/i0.wp.com\/berlin-kizzes.com\/wp-content\/uploads\/2023\/02\/Zaren-hof.jpg?w=885&amp;ssl=1 885w, https:\/\/i0.wp.com\/berlin-kizzes.com\/wp-content\/uploads\/2023\/02\/Zaren-hof.jpg?resize=300%2C200&amp;ssl=1 300w, https:\/\/i0.wp.com\/berlin-kizzes.com\/wp-content\/uploads\/2023\/02\/Zaren-hof.jpg?resize=18%2C12&amp;ssl=1 18w\" sizes=\"auto, (max-width: 700px) 100vw, 700px\" \/><\/div><\/div><\/div><\/div><div class=\"wpb_column vc_column_container\"><div class=\"vc_column-inner\"><div class=\"wpb_text_column\"><div class=\"wpb_wrapper\"><h5 style=\"color: white;\">Kesselhaus &amp; Maschinenhaus&lt;text<\/h5>\n<\/div><\/div><div class=\"w-separator size_small\"><\/div><div class=\"wpb_text_column\"><div class=\"wpb_wrapper\"><p>Das Hotel Zarenhof Berlin Prenzlauer Berg liegt verkehrsg\u00fcnstig an der Sch\u00f6nhauser Allee in einem historischen Jugendstilgeb\u00e4ude aus dem fr\u00fchen 20. Jahrhundert.<\/p>\n<p>Das Hotel Zarenhof in Berlin Prenzlauer Berg bietet ein prachtvolles Design, gepaart mit zeitgem\u00e4\u00dfem Komfort und einem fairen Preis-Leistungs-Verh\u00e4ltnis.<\/p>\n<p>Mit unserem Code \"BKF26\" kannst du einen Rabatt f\u00fcr deine Buchung erhalten (Einzelzimmer: 80,00\u20ac, Doppelzimmer: 110,00\u20ac, Dreibettzimmer: 140\u20ac).<br \/>\nBitte schreibe eine E-Mail an <a href=\"mailto:berlin.pb@hotel-zarenhof.de\">berlin.pb@hotel-zarenhof.de<\/a> oder rufe das Hotel unter +4930 802 08 80 an. Eine Buchung \u00fcber die Website ist mit dem Code nicht m\u00f6glich.<\/p>\n<h3 class=\"hotel_name\">Zarenhof Hotel &amp; Apartment Berlin Prenzlauerberg<\/h3>\n<div class=\"hotel_address\"><span class=\"widget-text\">Sch\u00f6nhauser Allee 140, 10437 Berlin<\/span><br \/>\nDeutschland<\/div>\n<ul>\n<li>Direkt an der U-Bahn<\/li>\n<li>250m zur Kulturbrauerei<\/li>\n<li>Rezeption 24\/7 ge\u00f6ffnet<\/li>\n<li>Kostenloses WLAN<\/li>\n<\/ul>\n<\/div><\/div><\/div><\/div><\/div><\/div><\/section><section class=\"l-section wpb_row height_medium\"><div class=\"l-section-h i-cf\"><div class=\"g-cols vc_row via_grid cols_2 laptops-cols_inherit tablets-cols_inherit mobiles-cols_1 valign_top type_default stacking_default\" style=\"--columns-gap:2rem;\"><div class=\"wpb_column vc_column_container\"><div class=\"vc_column-inner\"><div class=\"wpb_text_column\"><div class=\"wpb_wrapper\"><h5>SECOND HOTEL &#8211; <a href=\"https:\/\/www.meininger-hotels.com\/en\/hotels\/berlin\/hotel-berlin-alexanderplatz\/\" target=\"_blank\" rel=\"noopener\">MEININGER HOTEL\/HOSTEL<\/a><\/h5>\n<\/div><\/div><div class=\"w-separator size_small\"><\/div><div class=\"w-image style_shadow-1 align_center\"><div class=\"w-image-h\"><img data-recalc-dims=\"1\" decoding=\"async\" width=\"700\" height=\"536\" src=\"https:\/\/i0.wp.com\/berlin-kizzes.com\/wp-content\/uploads\/2023\/02\/berlin-meininger-hotel-schoenhauser-allee-100927-gruppenunterkunft-de-1013.jpg?resize=700%2C536&#038;ssl=1\" class=\"attachment-us_700_700_crop size-us_700_700_crop\" alt=\"\" loading=\"lazy\" \/><\/div><\/div><div class=\"w-separator size_small\"><\/div><div class=\"w-btn-wrapper align_none\"><a class=\"w-btn us-btn-style_3\" title=\"KONTAKT\" href=\"https:\/\/berlin-kizzes.com\/de\/contact\/\"><span class=\"w-btn-label\">ANSCHREIBEN<\/span><\/a><\/div><\/div><\/div><div class=\"wpb_column vc_column_container\"><div class=\"vc_column-inner\"><div class=\"wpb_text_column\"><div class=\"wpb_wrapper\"><h5 style=\"color: white;\">Kesselhaus &amp; Maschinenhaus&lt;text<\/h5>\n<\/div><\/div><div class=\"w-separator size_small\"><\/div><div class=\"wpb_text_column\"><div class=\"wpb_wrapper\"><p>Das MEININGER Hotel Berlin Alexanderplatz bietet die perfekte Unterkunft und kennt die unterschiedlichen Bed\u00fcrfnisse seiner G\u00e4ste. Mit der modernen Ausstattung, den erschwinglichen Preisen und der legend\u00e4ren MEININGER Atmosph\u00e4re wird jede St\u00e4dtereise, Klassenfahrt oder Gesch\u00e4ftsreise zu einem ganz besonderen Erlebnis.<\/p>\n<h3 class=\"hotel_name\">MEININGER Hotel Berlin Alexanderplatz<\/h3>\n<div class=\"hotel_address\">Sch\u00f6nhauser Allee 19, 10435 Berlin<br \/>\nDeutschland<\/div>\n<ul>\n<li>Direkt an der U-Bahn (U2 Senefleder Platz.)<\/li>\n<li>24-Stunden-Empfang<\/li>\n<li>Nichtraucherhotel<\/li>\n<li>Kostenloses WLAN<\/li>\n<li>\u00d6ffentliches Parkhaus in der N\u00e4he<\/li>\n<li>Gep\u00e4ckaufbewahrung (kostenlos)<\/li>\n<li>Schlie\u00dff\u00e4cher<\/li>\n<\/ul>\n<\/div><\/div><\/div><\/div><\/div><\/div><\/section>","protected":false},"excerpt":{"rendered":"HOTELS &amp; HOSTELS MAIN HOTEL &#8211; ZARENHOF HOTEL &amp; APARTMENT Kesselhaus &amp; Maschinenhaus&lt;text Hotel Zarenhof Berlin Prenzlauer Berg is conveniently located on the Sch\u00f6nhauser Allee in a historic Art Nouveau building of the early 20th century. Zarenhof hotel in Berlin Prenzlauer Berg offers a magnificent design, paired with a contemporary comfort and a fair price...","protected":false},"author":1,"featured_media":0,"parent":123,"menu_order":0,"comment_status":"closed","ping_status":"closed","template":"","meta":{"footnotes":""},"class_list":["post-125","page","type-page","status-publish","hentry"],"jetpack-related-posts":[{"id":123,"url":"https:\/\/berlin-kizzes.com\/de\/venue-hotels\/","url_meta":{"origin":125,"position":0},"title":"VENUE &#038; HOTELS","author":"A_Leslie","date":"23. Dezember 2023","format":false,"excerpt":"","rel":"","context":"\u00c4hnlicher Beitrag","block_context":{"text":"\u00c4hnlicher Beitrag","link":""},"img":{"alt_text":"","src":"","width":0,"height":0},"classes":[]},{"id":127,"url":"https:\/\/berlin-kizzes.com\/de\/venue-hotels\/public-transportation\/","url_meta":{"origin":125,"position":1},"title":"\u00d6FFENTLICHE VERKEHRSMITTEL","author":"A_Leslie","date":"23. Dezember 2023","format":false,"excerpt":"","rel":"","context":"\u00c4hnlicher Beitrag","block_context":{"text":"\u00c4hnlicher Beitrag","link":""},"img":{"alt_text":"","src":"","width":0,"height":0},"classes":[]},{"id":183,"url":"https:\/\/berlin-kizzes.com\/de\/","url_meta":{"origin":125,"position":2},"title":"HOME","author":"A_Leslie","date":"23. Dezember 2023","format":false,"excerpt":"","rel":"","context":"\u00c4hnlicher Beitrag","block_context":{"text":"\u00c4hnlicher Beitrag","link":""},"img":{"alt_text":"","src":"","width":0,"height":0},"classes":[]},{"id":137,"url":"https:\/\/berlin-kizzes.com\/de\/contact\/cooperation\/promoters\/","url_meta":{"origin":125,"position":3},"title":"PROMOTERS","author":"A_Leslie","date":"23. Dezember 2023","format":false,"excerpt":"","rel":"","context":"\u00c4hnlicher Beitrag","block_context":{"text":"\u00c4hnlicher Beitrag","link":""},"img":{"alt_text":"","src":"","width":0,"height":0},"classes":[]},{"id":94,"url":"https:\/\/berlin-kizzes.com\/de\/schedule\/workshop\/","url_meta":{"origin":125,"position":4},"title":"WORKSHOP","author":"A_Leslie","date":"23. Dezember 2023","format":false,"excerpt":"","rel":"","context":"\u00c4hnlicher Beitrag","block_context":{"text":"\u00c4hnlicher Beitrag","link":""},"img":{"alt_text":"","src":"","width":0,"height":0},"classes":[]},{"id":129,"url":"https:\/\/berlin-kizzes.com\/de\/contact\/","url_meta":{"origin":125,"position":5},"title":"KONTAKT","author":"A_Leslie","date":"23. Dezember 2023","format":false,"excerpt":"","rel":"","context":"\u00c4hnlicher Beitrag","block_context":{"text":"\u00c4hnlicher Beitrag","link":""},"img":{"alt_text":"","src":"","width":0,"height":0},"classes":[]}],"jetpack_sharing_enabled":true,"_links":{"self":[{"href":"https:\/\/berlin-kizzes.com\/de\/wp-json\/wp\/v2\/pages\/125","targetHints":{"allow":["GET"]}}],"collection":[{"href":"https:\/\/berlin-kizzes.com\/de\/wp-json\/wp\/v2\/pages"}],"about":[{"href":"https:\/\/berlin-kizzes.com\/de\/wp-json\/wp\/v2\/types\/page"}],"author":[{"embeddable":true,"href":"https:\/\/berlin-kizzes.com\/de\/wp-json\/wp\/v2\/users\/1"}],"replies":[{"embeddable":true,"href":"https:\/\/berlin-kizzes.com\/de\/wp-json\/wp\/v2\/comments?post=125"}],"version-history":[{"count":10,"href":"https:\/\/berlin-kizzes.com\/de\/wp-json\/wp\/v2\/pages\/125\/revisions"}],"predecessor-version":[{"id":1306,"href":"https:\/\/berlin-kizzes.com\/de\/wp-json\/wp\/v2\/pages\/125\/revisions\/1306"}],"up":[{"embeddable":true,"href":"https:\/\/berlin-kizzes.com\/de\/wp-json\/wp\/v2\/pages\/123"}],"wp:attachment":[{"href":"https:\/\/berlin-kizzes.com\/de\/wp-json\/wp\/v2\/media?parent=125"}],"curies":[{"name":"wp","href":"https:\/\/api.w.org\/{rel}","templated":true}]}}