{"id":123,"date":"2023-12-23T16:12:17","date_gmt":"2023-12-23T15:12:17","guid":{"rendered":"https:\/\/berlin-kizzes.com\/?page_id=123"},"modified":"2023-12-23T16:12:17","modified_gmt":"2023-12-23T15:12:17","slug":"venue-hotels","status":"publish","type":"page","link":"https:\/\/berlin-kizzes.com\/de\/venue-hotels\/","title":{"rendered":"VENUE &#038; HOTELS"},"content":{"rendered":"<section class=\"l-section wpb_row height_small\"><div class=\"l-section-h i-cf\"><div class=\"g-cols vc_row via_grid cols_1 laptops-cols_inherit tablets-cols_inherit mobiles-cols_1 valign_top type_default stacking_default\"><div class=\"wpb_column vc_column_container\"><div class=\"vc_column-inner\"><div class=\"wpb_text_column\"><div class=\"wpb_wrapper\"><h3>VENUES<\/h3>\n<\/div><\/div><\/div><\/div><\/div><\/div><\/section><section class=\"l-section wpb_row height_auto\"><div class=\"l-section-h i-cf\"><div class=\"g-cols vc_row via_grid cols_2 laptops-cols_inherit tablets-cols_inherit mobiles-cols_1 valign_top type_default stacking_default\"><div class=\"wpb_column vc_column_container\"><div class=\"vc_column-inner\"><div class=\"w-image style_shadow-1 align_none\"><div class=\"w-image-h\"><img decoding=\"async\" width=\"680\" height=\"500\" src=\"https:\/\/i0.wp.com\/berlin-kizzes.com\/wp-content\/uploads\/2023\/02\/kulturbrauerei-tickets-10-2012-001.jpg?fit=680%2C500&amp;ssl=1\" class=\"attachment-large size-large\" alt=\"\" loading=\"lazy\" srcset=\"https:\/\/i0.wp.com\/berlin-kizzes.com\/wp-content\/uploads\/2023\/02\/kulturbrauerei-tickets-10-2012-001.jpg?w=680&amp;ssl=1 680w, https:\/\/i0.wp.com\/berlin-kizzes.com\/wp-content\/uploads\/2023\/02\/kulturbrauerei-tickets-10-2012-001.jpg?resize=300%2C221&amp;ssl=1 300w, https:\/\/i0.wp.com\/berlin-kizzes.com\/wp-content\/uploads\/2023\/02\/kulturbrauerei-tickets-10-2012-001.jpg?resize=16%2C12&amp;ssl=1 16w\" sizes=\"auto, (max-width: 680px) 100vw, 680px\" \/><\/div><\/div><div class=\"w-separator size_small\"><\/div><div class=\"wpb_text_column\"><div class=\"wpb_wrapper\"><p>Kesselhaus &amp; Maschinenhaus<\/p>\n<p>Alle Workshops und Partys finden in einer Location statt - die Kulturbrauerei im Prenzlauer Berg. Die Kulturbrauerei war ehemals eine Bierbrauerei. Heute dient es als Kunst- und Kulturst\u00e4tte. Es befindet sich hier unter anderem ein Kino, Theater, Konzerts\u00e4\u00e4le und das Berlin Kizzes Festival.<\/p>\n<\/div><\/div><\/div><\/div><div class=\"wpb_column vc_column_container\"><div class=\"vc_column-inner\"><div class=\"wpb_text_column\"><div class=\"wpb_wrapper\"><p><iframe loading=\"lazy\" style=\"border: 0;\" src=\"https:\/\/www.google.com\/maps\/embed?pb=!1m18!1m12!1m3!1d2426.7364075132564!2d13.410524615808127!3d52.53820317981767!2m3!1f0!2f0!3f0!3m2!1i1024!2i768!4f13.1!3m3!1m2!1s0x47a851fe41667bbf%3A0x1badb7e6aa02dae7!2sKulturBrauerei!5e0!3m2!1sde!2sde!4v1677128379199!5m2!1sde!2sde\" width=\"600\" height=\"400\" allowfullscreen=\"allowfullscreen\"><\/iframe><\/p>\n<\/div><\/div><div class=\"w-separator size_custom\" style=\"height:15px\"><\/div><div class=\"wpb_text_column\"><div class=\"wpb_wrapper\"><p style=\"color: white;\">Kesselhaus &amp; Maschinenhaus&lt;text<\/p>\n<p>Die Kulturbrauerei befindet sich im Herzen Berlins und ist somit sowohl tags\u00fcber als auch nachts sehr gut zu erreichen. Sie befindet sich direkt an der U-Bahn Station Eberswalder Str. (U2).<\/p>\n<\/div><\/div><\/div><\/div><\/div><\/div><\/section><section class=\"l-section wpb_row height_medium\"><div class=\"l-section-h i-cf\"><div class=\"g-cols vc_row via_grid cols_3 laptops-cols_inherit tablets-cols_inherit mobiles-cols_1 valign_top type_default stacking_default\"><div class=\"wpb_column vc_column_container\"><div class=\"vc_column-inner\"><div class=\"w-image style_shadow-1 align_none\"><div class=\"w-image-h\"><img decoding=\"async\" width=\"1000\" height=\"679\" src=\"https:\/\/i0.wp.com\/berlin-kizzes.com\/wp-content\/uploads\/2023\/02\/patrick_roddelkopf_fotografie_businesskunden_MoonClub.jpg?fit=1000%2C679&amp;ssl=1\" class=\"attachment-large size-large\" alt=\"\" loading=\"lazy\" srcset=\"https:\/\/i0.wp.com\/berlin-kizzes.com\/wp-content\/uploads\/2023\/02\/patrick_roddelkopf_fotografie_businesskunden_MoonClub.jpg?w=1000&amp;ssl=1 1000w, https:\/\/i0.wp.com\/berlin-kizzes.com\/wp-content\/uploads\/2023\/02\/patrick_roddelkopf_fotografie_businesskunden_MoonClub.jpg?resize=300%2C204&amp;ssl=1 300w, https:\/\/i0.wp.com\/berlin-kizzes.com\/wp-content\/uploads\/2023\/02\/patrick_roddelkopf_fotografie_businesskunden_MoonClub.jpg?resize=18%2C12&amp;ssl=1 18w\" sizes=\"auto, (max-width: 1000px) 100vw, 1000px\" \/><\/div><\/div><div class=\"w-separator size_small\"><\/div><div class=\"wpb_text_column\"><div class=\"wpb_wrapper\"><p>Moon Club<\/p>\n<p>Der Moon Club ist eine der Tanzfl\u00e4chen bei der Party am Donnerstag und am Sonntag. Hier werden auch am Sonntag Workshops stattfinden.<\/p>\n<p>Unter den dynamischen Lichtern des Moon Clubs zu tanzen ist ein Erlebnis. Du wirst die energetische und mystische Atmosph\u00e4re lieben.<\/p>\n<\/div><\/div><\/div><\/div><div class=\"wpb_column vc_column_container\"><div class=\"vc_column-inner\"><div class=\"w-image style_shadow-1 align_none\"><div class=\"w-image-h\"><img decoding=\"async\" width=\"680\" height=\"460\" src=\"https:\/\/i0.wp.com\/berlin-kizzes.com\/wp-content\/uploads\/2023\/02\/kesselhaus-in-der-kulturbrauerei-tickets-10-2012-001-e1676554989468.jpg?fit=680%2C460&amp;ssl=1\" class=\"attachment-large size-large\" alt=\"\" loading=\"lazy\" srcset=\"https:\/\/i0.wp.com\/berlin-kizzes.com\/wp-content\/uploads\/2023\/02\/kesselhaus-in-der-kulturbrauerei-tickets-10-2012-001-e1676554989468.jpg?w=680&amp;ssl=1 680w, https:\/\/i0.wp.com\/berlin-kizzes.com\/wp-content\/uploads\/2023\/02\/kesselhaus-in-der-kulturbrauerei-tickets-10-2012-001-e1676554989468.jpg?resize=300%2C203&amp;ssl=1 300w, https:\/\/i0.wp.com\/berlin-kizzes.com\/wp-content\/uploads\/2023\/02\/kesselhaus-in-der-kulturbrauerei-tickets-10-2012-001-e1676554989468.jpg?resize=18%2C12&amp;ssl=1 18w\" sizes=\"auto, (max-width: 680px) 100vw, 680px\" \/><\/div><\/div><div class=\"w-separator size_small\"><\/div><div class=\"wpb_text_column\"><div class=\"wpb_wrapper\"><p>Kesselhaus<\/p>\n<p>Im Kesselhaus befindet sich, auf der Party am Freitag und am Sonntag, der Urban Kiz Floor. Auch die Workshops vor den Partys werden hier und im Maschinenhaus stattfinden.<\/p>\n<p class=\"translation-block\">Komm und genie\u00dfe den ger\u00e4umigen Floor und hervorragendes Sound System.<\/p>\n<\/div><\/div><\/div><\/div><div class=\"wpb_column vc_column_container\"><div class=\"vc_column-inner\"><div class=\"w-image style_shadow-1 align_none\"><div class=\"w-image-h\"><img decoding=\"async\" width=\"1000\" height=\"680\" src=\"https:\/\/i0.wp.com\/berlin-kizzes.com\/wp-content\/uploads\/2023\/02\/MH-1-e1676555067232.jpg?fit=1000%2C680&amp;ssl=1\" class=\"attachment-large size-large\" alt=\"\" loading=\"lazy\" srcset=\"https:\/\/i0.wp.com\/berlin-kizzes.com\/wp-content\/uploads\/2023\/02\/MH-1-e1676555067232.jpg?w=1000&amp;ssl=1 1000w, https:\/\/i0.wp.com\/berlin-kizzes.com\/wp-content\/uploads\/2023\/02\/MH-1-e1676555067232.jpg?resize=300%2C204&amp;ssl=1 300w, https:\/\/i0.wp.com\/berlin-kizzes.com\/wp-content\/uploads\/2023\/02\/MH-1-e1676555067232.jpg?resize=18%2C12&amp;ssl=1 18w\" sizes=\"auto, (max-width: 1000px) 100vw, 1000px\" \/><\/div><\/div><div class=\"w-separator size_small\"><\/div><div class=\"wpb_text_column\"><div class=\"wpb_wrapper\"><p>Maschinenhaus<\/p>\n<p>Der Kizomba Floor befindet sich am Freitag und Samstag im Maschinenhaus. Hier wird auch einer der Workshops vor den Partys stattfinden.<\/p>\n<p>Dich erwartet ein beeindruckendes Sound System, eine tolle Lichtinstallation und eine gro\u00dfe Tanzfl\u00e4che, um die N\u00e4chte durchzutanzen.<\/p>\n<\/div><\/div><\/div><\/div><\/div><\/div><\/section><section class=\"l-section wpb_row height_medium\"><div class=\"l-section-h i-cf\"><div class=\"g-cols vc_row via_grid cols_1 laptops-cols_inherit tablets-cols_inherit mobiles-cols_1 valign_top type_default stacking_default\"><div class=\"wpb_column vc_column_container\"><div class=\"vc_column-inner\"><div class=\"w-btn-wrapper align_center\"><a class=\"w-btn us-btn-style_3 us_custom_7b25edc0\" title=\"HOTELS &amp; HOSTELS\" href=\"https:\/\/berlin-kizzes.com\/de\/venue-hotels\/hotels-hostels\/\"><span class=\"w-btn-label\">HOTELS &amp; HOSTELS<\/span><\/a><\/div><\/div><\/div><\/div><\/div><\/section>","protected":false},"excerpt":{"rendered":"VENUES Kesselhaus &amp; Maschinenhaus All workshops and parties will take place in one Location &#8211; the Kulturbrauerei in Prenzlauer Berg. The Kulturbrauerei used to be a brewery for beer and now hosts multiple cultural activities, such as theaters, cinemas, concerts and now also the Berlin Kizzes Festival. Kesselhaus &amp; Maschinenhaus&lt;text You can easily reach the...","protected":false},"author":1,"featured_media":0,"parent":0,"menu_order":0,"comment_status":"closed","ping_status":"closed","template":"","meta":{"footnotes":""},"class_list":["post-123","page","type-page","status-publish","hentry"],"jetpack-related-posts":[{"id":127,"url":"https:\/\/berlin-kizzes.com\/de\/venue-hotels\/public-transportation\/","url_meta":{"origin":123,"position":0},"title":"\u00d6FFENTLICHE VERKEHRSMITTEL","author":"A_Leslie","date":"23. Dezember 2023","format":false,"excerpt":"","rel":"","context":"\u00c4hnlicher Beitrag","block_context":{"text":"\u00c4hnlicher Beitrag","link":""},"img":{"alt_text":"","src":"","width":0,"height":0},"classes":[]},{"id":135,"url":"https:\/\/berlin-kizzes.com\/de\/contact\/cooperation\/vendors\/","url_meta":{"origin":123,"position":1},"title":"VENDORS","author":"A_Leslie","date":"23. Dezember 2023","format":false,"excerpt":"","rel":"","context":"\u00c4hnlicher Beitrag","block_context":{"text":"\u00c4hnlicher Beitrag","link":""},"img":{"alt_text":"","src":"","width":0,"height":0},"classes":[]},{"id":125,"url":"https:\/\/berlin-kizzes.com\/de\/venue-hotels\/hotels-hostels\/","url_meta":{"origin":123,"position":2},"title":"HOTELS &#038; HOSTELS","author":"A_Leslie","date":"23. Dezember 2023","format":false,"excerpt":"","rel":"","context":"\u00c4hnlicher Beitrag","block_context":{"text":"\u00c4hnlicher Beitrag","link":""},"img":{"alt_text":"","src":"","width":0,"height":0},"classes":[]},{"id":129,"url":"https:\/\/berlin-kizzes.com\/de\/contact\/","url_meta":{"origin":123,"position":3},"title":"KONTAKT","author":"A_Leslie","date":"23. Dezember 2023","format":false,"excerpt":"","rel":"","context":"\u00c4hnlicher Beitrag","block_context":{"text":"\u00c4hnlicher Beitrag","link":""},"img":{"alt_text":"","src":"","width":0,"height":0},"classes":[]},{"id":183,"url":"https:\/\/berlin-kizzes.com\/de\/","url_meta":{"origin":123,"position":4},"title":"HOME","author":"A_Leslie","date":"23. Dezember 2023","format":false,"excerpt":"","rel":"","context":"\u00c4hnlicher Beitrag","block_context":{"text":"\u00c4hnlicher Beitrag","link":""},"img":{"alt_text":"","src":"","width":0,"height":0},"classes":[]},{"id":137,"url":"https:\/\/berlin-kizzes.com\/de\/contact\/cooperation\/promoters\/","url_meta":{"origin":123,"position":5},"title":"PROMOTERS","author":"A_Leslie","date":"23. Dezember 2023","format":false,"excerpt":"","rel":"","context":"\u00c4hnlicher Beitrag","block_context":{"text":"\u00c4hnlicher Beitrag","link":""},"img":{"alt_text":"","src":"","width":0,"height":0},"classes":[]}],"jetpack_sharing_enabled":true,"_links":{"self":[{"href":"https:\/\/berlin-kizzes.com\/de\/wp-json\/wp\/v2\/pages\/123","targetHints":{"allow":["GET"]}}],"collection":[{"href":"https:\/\/berlin-kizzes.com\/de\/wp-json\/wp\/v2\/pages"}],"about":[{"href":"https:\/\/berlin-kizzes.com\/de\/wp-json\/wp\/v2\/types\/page"}],"author":[{"embeddable":true,"href":"https:\/\/berlin-kizzes.com\/de\/wp-json\/wp\/v2\/users\/1"}],"replies":[{"embeddable":true,"href":"https:\/\/berlin-kizzes.com\/de\/wp-json\/wp\/v2\/comments?post=123"}],"version-history":[{"count":10,"href":"https:\/\/berlin-kizzes.com\/de\/wp-json\/wp\/v2\/pages\/123\/revisions"}],"predecessor-version":[{"id":302,"href":"https:\/\/berlin-kizzes.com\/de\/wp-json\/wp\/v2\/pages\/123\/revisions\/302"}],"wp:attachment":[{"href":"https:\/\/berlin-kizzes.com\/de\/wp-json\/wp\/v2\/media?parent=123"}],"curies":[{"name":"wp","href":"https:\/\/api.w.org\/{rel}","templated":true}]}}