{"id":119,"date":"2023-12-23T16:12:17","date_gmt":"2023-12-23T15:12:17","guid":{"rendered":"https:\/\/berlin-kizzes.com\/?page_id=119"},"modified":"2024-12-14T15:55:13","modified_gmt":"2024-12-14T14:55:13","slug":"terms-and-conditions","status":"publish","type":"page","link":"https:\/\/berlin-kizzes.com\/de\/terms-and-conditions\/","title":{"rendered":"AGB"},"content":{"rendered":"<section class=\"l-section wpb_row height_medium\"><div class=\"l-section-h i-cf\"><div class=\"g-cols vc_row via_grid cols_1 laptops-cols_inherit tablets-cols_inherit mobiles-cols_1 valign_top type_default stacking_default\"><div class=\"wpb_column vc_column_container\"><div class=\"vc_column-inner\"><div class=\"wpb_text_column\"><div class=\"wpb_wrapper\"><h3>ALLGEMEINE GESCH\u00c4FTSBEDINGUNGEN<\/h3>\n<\/div><\/div><\/div><\/div><\/div><\/div><\/section><section class=\"l-section wpb_row height_auto\"><div class=\"l-section-h i-cf\"><div class=\"g-cols vc_row via_grid cols_1 laptops-cols_inherit tablets-cols_inherit mobiles-cols_1 valign_top type_default stacking_default\" style=\"--columns-gap:2rem;\"><div class=\"wpb_column vc_column_container\"><div class=\"vc_column-inner\"><div class=\"wpb_text_column\"><div class=\"wpb_wrapper\"><div class=\"x-el x-el-div c1-1 c1-2 c1-q c1-9m c1-9n c1-9o c1-1a c1-9p c1-1b c1-9q c1-3d c1-2m c1-b c1-c c1-9r c1-9s c1-9t c1-9u c1-d c1-e c1-f c1-g\" data-ux=\"Grid\">\n<div class=\"x-el x-el-div c1-1 c1-2 c1-9m c1-9v c1-9w c1-9x c1-1u c1-51 c1-9y c1-52 c1-9z c1-a0 c1-b c1-c c1-a1 c1-a2 c1-a3 c1-a4 c1-a5 c1-a6 c1-d c1-a7 c1-a8 c1-a9 c1-e c1-f c1-g\" data-ux=\"GridCell\">\n<div class=\"x-el x-el-div x-el c1-1 c1-2 c1-q c1-7r c1-4 c1-aa c1-ab c1-3d c1-ac c1-ad c1-b c1-c c1-ae c1-af c1-d c1-e c1-f c1-g c1-1 c1-2 c1-b c1-c c1-d c1-e c1-f c1-g\" data-ux=\"ContentBasic\">\n<div class=\"x-el c1-1 c1-2 c1-17 c1-18 c1-19 c1-1a c1-1b c1-ah c1-ai c1-aj c1-ak c1-al c1-am c1-an c1-ao c1-ap c1-aq c1-ar c1-as c1-at c1-au c1-av c1-aw c1-ax c1-ay c1-az c1-b0 c1-b1 c1-b2 c1-b3 c1-b4 c1-b5 c1-b6 c1-b7 c1-b8 c1-9v c1-b c1-5h c1-c c1-26 c1-d c1-e c1-f c1-g x-rt\" data-ux=\"ContentText\" data-aid=\"CONTENT_MEDIA_DESCRIPTION1_RENDERED\" data-typography=\"BodyAlpha\">\n<h5><strong class=\"x-el x-el-span c1-3j c1-3k c1-b c1-b9 c1-1i c1-1c c1-ba\">1. Anwendungsbereich<\/strong><\/h5>\n<p>F\u00fcr alle Leistungen und Ticketverk\u00e4ufe des Berlin Kizzes Festivals an Verbraucher gelten diese Allgemeinen Gesch\u00e4ftsbedingungen (AGB).<\/p>\n<p>Ein Verbraucher ist jede nat\u00fcrliche Person, die ein Rechtsgesch\u00e4ft zu einem Zweck abschlie\u00dft, der \u00fcberwiegend weder ihrer gewerblichen noch ihrer selbst\u00e4ndigen beruflichen T\u00e4tigkeit zugerechnet werden kann.<\/p>\n<h5><strong class=\"x-el x-el-span c1-3j c1-3k c1-b c1-b9 c1-1i c1-1c c1-ba\">2. Vertragsparteien<\/strong><\/h5>\n<p>Der Dienstleistungsvertrag wird geschlossen mit <strong>JaDaLeSh Dance Events UG, Veteranenstr. 22, 10119 Berlin<\/strong> f\u00fcr das Berlin Kizzes Festival. Die Verbraucher\/K\u00e4ufer werden im Folgenden als \"Teilnehmer\" bezeichnet.<\/p>\n<h5><strong class=\"x-el x-el-span c1-3j c1-3k c1-b c1-b9 c1-1i c1-1c c1-ba\">3. Abschluss des Vertrags<\/strong><\/h5>\n<p>3.1. Die Darstellung der Leistungen und des Events Berlin Kizzes Festival auf der Website und im Online-Shop stellt kein rechtlich bindendes Angebot, sondern lediglich eine Aufforderung zur Bestellung dar.<\/p>\n<p>3.2. Die w\u00e4hrend der Veranstaltung Berlin Kizzes Festival angebotenen Leistungen k\u00f6nnen sich aufgrund von \u00c4nderungen der Allgemeinen Gesch\u00e4ftsbedingungen jederzeit ohne vorherige Ank\u00fcndigung \u00e4ndern und sind nicht abschlie\u00dfend. Der Teilnehmer erkennt dies mit dem Abschluss des Vertrages an.<\/p>\n<h5><strong class=\"x-el x-el-span c1-3j c1-3k c1-b c1-b9 c1-1i c1-1c c1-ba\">4. Recht auf Widerruf<\/strong><\/h5>\n<p>Das Widerrufsrecht ist ausgeschlossen.<\/p>\n<h5><strong class=\"x-el x-el-span c1-3j c1-3k c1-b c1-b9 c1-1i c1-1c c1-ba\">5. Preise<\/strong><\/h5>\n<p>Die auf den Produktseiten genannten Preise enthalten weitere Preisbestandteile wie z.B. Servicegeb\u00fchren der jeweiligen Transaktionsgesellschaften und werden nicht erstattet von <strong>JaDaLeSh Dance Events UG, Veteranenstr. 22, 10119 Berlin<\/strong> im Falle einer Absage der Veranstaltung.<\/p>\n<h5><strong class=\"x-el x-el-span c1-3j c1-3k c1-b c1-b9 c1-1i c1-1c c1-ba\">6. Zahlung\u00a0<\/strong><\/h5>\n<p>Die Bezahlung erfolgt im Voraus oder bei der Bestellung im Webshop von Tickettailor nach Abschluss der Bestellung per Lastschrift, Kreditkarte oder Paypal (Servicegeb\u00fchren sind inbegriffen, bitte sehen Sie vom Online-Kauf ab, wenn Sie nicht damit einverstanden sind, dass diese Geb\u00fchren im Falle einer Veranstaltungsabsage nicht erstattet werden durch <strong>JaDaLeSh Dance Events UG, Veteranenstr. 22, 10119 Berlin<\/strong>).<\/p>\n<h5><strong class=\"x-el x-el-span c1-3j c1-3k c1-b c1-b9 c1-1i c1-1c c1-ba\">7. Bedingungen f\u00fcr die Stornierung und R\u00fcckgabe von Festivaltickets<\/strong><\/h5>\n<p>7.1. Tickets des Berlin Festival Kizzes sind generell von der R\u00fcckgabe ausgeschlossen.<\/p>\n<p>7.2. Eintrittskarten des Berlin Kizzes Festivals d\u00fcrfen nur nach ausdr\u00fccklicher und schriftlicher Zustimmung des Veranstalters an andere Personen weitergegeben werden.<\/p>\n<p>7.3. Eintrittskarten f\u00fcr das Berlin Kizzes Festival k\u00f6nnen mit ausdr\u00fccklicher und schriftlicher Zustimmung des Veranstalters gegen eine Bearbeitungsgeb\u00fchr von 20\u20ac auf eine der folgenden Editionen \u00fcbertragen werden.<\/p>\n<p>&nbsp;<\/p>\n<\/div>\n<\/div>\n<\/div>\n<\/div>\n<\/div><\/div><\/div><\/div><\/div><\/div><\/section><section class=\"l-section wpb_row height_small\"><div class=\"l-section-h i-cf\"><div class=\"g-cols vc_row via_grid cols_1 laptops-cols_inherit tablets-cols_inherit mobiles-cols_1 valign_top type_default stacking_default\"><div class=\"wpb_column vc_column_container\"><div class=\"vc_column-inner\"><div class=\"w-separator size_small\"><\/div><\/div><\/div><\/div><\/div><\/section>","protected":false},"excerpt":{"rendered":"TERMS AND CONDITIONS OF BUSINESS 1. Scope of application All services and ticket sales of Berlin Kizzes Festival to consumers are subject to these General Terms and Conditions (AGB). A consumer is any natural person, who concludes a legal transaction for a purpose, which can be attributed predominantly neither to his commercial nor his independent...","protected":false},"author":1,"featured_media":0,"parent":0,"menu_order":0,"comment_status":"closed","ping_status":"closed","template":"","meta":{"footnotes":""},"class_list":["post-119","page","type-page","status-publish","hentry"],"jetpack-related-posts":[{"id":137,"url":"https:\/\/berlin-kizzes.com\/de\/contact\/cooperation\/promoters\/","url_meta":{"origin":119,"position":0},"title":"PROMOTERS","author":"A_Leslie","date":"23. Dezember 2023","format":false,"excerpt":"","rel":"","context":"\u00c4hnlicher Beitrag","block_context":{"text":"\u00c4hnlicher Beitrag","link":""},"img":{"alt_text":"","src":"","width":0,"height":0},"classes":[]},{"id":117,"url":"https:\/\/berlin-kizzes.com\/de\/tickets\/buy-pass\/","url_meta":{"origin":119,"position":1},"title":"ZUM PASS","author":"A_Leslie","date":"23. Dezember 2023","format":false,"excerpt":"","rel":"","context":"\u00c4hnlicher Beitrag","block_context":{"text":"\u00c4hnlicher Beitrag","link":""},"img":{"alt_text":"","src":"","width":0,"height":0},"classes":[]}],"jetpack_sharing_enabled":true,"_links":{"self":[{"href":"https:\/\/berlin-kizzes.com\/de\/wp-json\/wp\/v2\/pages\/119","targetHints":{"allow":["GET"]}}],"collection":[{"href":"https:\/\/berlin-kizzes.com\/de\/wp-json\/wp\/v2\/pages"}],"about":[{"href":"https:\/\/berlin-kizzes.com\/de\/wp-json\/wp\/v2\/types\/page"}],"author":[{"embeddable":true,"href":"https:\/\/berlin-kizzes.com\/de\/wp-json\/wp\/v2\/users\/1"}],"replies":[{"embeddable":true,"href":"https:\/\/berlin-kizzes.com\/de\/wp-json\/wp\/v2\/comments?post=119"}],"version-history":[{"count":10,"href":"https:\/\/berlin-kizzes.com\/de\/wp-json\/wp\/v2\/pages\/119\/revisions"}],"predecessor-version":[{"id":1070,"href":"https:\/\/berlin-kizzes.com\/de\/wp-json\/wp\/v2\/pages\/119\/revisions\/1070"}],"wp:attachment":[{"href":"https:\/\/berlin-kizzes.com\/de\/wp-json\/wp\/v2\/media?parent=119"}],"curies":[{"name":"wp","href":"https:\/\/api.w.org\/{rel}","templated":true}]}}