{"id":117,"date":"2023-12-23T16:12:18","date_gmt":"2023-12-23T15:12:18","guid":{"rendered":"https:\/\/berlin-kizzes.com\/?page_id=117"},"modified":"2025-08-13T14:31:19","modified_gmt":"2025-08-13T12:31:19","slug":"buy-pass","status":"publish","type":"page","link":"https:\/\/berlin-kizzes.com\/de\/tickets\/buy-pass\/","title":{"rendered":"ZUM PASS"},"content":{"rendered":"<section class=\"l-section wpb_row height_small\"><div class=\"l-section-h i-cf\"><div class=\"g-cols vc_row via_grid cols_1 laptops-cols_inherit tablets-cols_inherit mobiles-cols_1 valign_top type_default stacking_default\"><div class=\"wpb_column vc_column_container\"><div class=\"vc_column-inner\"><div class=\"wpb_text_column\"><div class=\"wpb_wrapper\"><h3>KAUFBEDINGUNGEN<\/h3>\n<\/div><\/div><div class=\"w-separator size_small\"><\/div><div class=\"wpb_text_column\"><div class=\"wpb_wrapper\"><p>Mit dem Kauf des Tickets erkl\u00e4rst du dich mit den folgenden Bedingungen einverstanden:<\/p>\n<h5><strong>E-Tickets und Armb\u00e4ndchen:<\/strong><\/h5>\n<ul>\n<li>Um ein Festivalarmb\u00e4ndchen zu erhalten und Zutritt zur Veranstaltung zu erhalten, ist es notwendig, das PERSONALISIERTEN E-TICKET mit QR-Code, das als E-Mail-Anhang gesendet wurde, und einen Personalausweis\/Pass vorzulegen. Es ist <strong>verpflichtend<\/strong> das Festivalarmb\u00e4ndchen w\u00e4hrend des gesamten Festivals zu tragen. Es muss jedes Mal vorgezeigt werden, wenn es vom Festival- oder Sicherheitspersonal verlangt wird.<\/li>\n<li>Jeder Teilnehmer hat Anspruch auf 1 Festivalarmb\u00e4ndchen f\u00fcr die gesamte Veranstaltung, das bei der Anmeldung ausgestellt wird. Wir tauschen sie nur aus, wenn das Armb\u00e4ndchen aus Gr\u00fcnden, die der Teilnehmer nicht zu verantworten hat, besch\u00e4digt wird. Bringe in einem solchen Fall das besch\u00e4digte Armb\u00e4ndchen und deinen Ausweis\/PASSPORT zum Festivalb\u00fcro und tausche es gegen ein neues aus.<\/li>\n<li>Bitte achte darauf, dass dein Armb\u00e4ndchen nicht zu eng oder zu weit ist, wenn du es im Festivalb\u00fcro anlegt bekommst, da dies kein Grund f\u00fcr eine Reklamation sein kann.<\/li>\n<li>Wir m\u00f6chten dich darauf hinweisen, dass w\u00e4hrend der Veranstaltung Fotos gemacht und Videomaterial aufgezeichnet wird.<\/li>\n<\/ul>\n<h5><strong>Freikarten und spezielle Angebote:<\/strong><\/h5>\n<ul>\n<li>Bei Wettbewerben gewonnene oder unentgeltlich erhaltene Eintrittskarten zum BERLIN KIZZES FESTIVAL werden nicht zur\u00fcckerstattet.<\/li>\n<li>F\u00fcr P\u00e4sse, die im Rahmen von AKTIONEN UND SONDERANGEBOTE verkauft werden, k\u00f6nnen gesonderte R\u00fcckgabe-, Wiederverkaufs- und Umtauschbestimmungen gelten.<\/li>\n<\/ul>\n<h5><strong>Besitzerwechsel\/Namens\u00e4nderung:<\/strong><\/h5>\n<ul>\n<li>Ein Wechsel des Passinhabers kann gegen eine Geb\u00fchr von 20\u20ac vorgenommen werden, der Wechsel sollte bis zum 10. Juli 2026 gemeldet werden.<\/li>\n<li>Der Weiterverkauf von P\u00e4ssen und die \u00c4nderung des Namens, der dem Pass zugewiesen ist, kann nur einmal erfolgen, und zwar sp\u00e4testens am 10. Juli 2026. Ein in der Art erworbener Pass kann nicht an eine andere Person weiterverkauft werden.<\/li>\n<li>Der urspr\u00fcngliche Besitzer des Ausweises muss eine <a title=\"NAMENS\u00c4NDERUNG\" href=\"https:\/\/berlin-kizzes.com\/de\/tickets\/name-changes\/\">Benachrichtigung<\/a> der \u00c4nderung an den Veranstalter unter <a href=\"mailto:namechange@berlin-kizzes.com\">namechange@berlin-kizzes.com<\/a> bis sp\u00e4testens 10. Juli 2026 unter Angabe des Namens und der E-Mail-Adresse des neuen Besitzers.<\/li>\n<li>Titel der Nachricht: Namens\u00e4nderung:<br \/>\nDie Textnachricht sollte Folgendes enthalten:<br \/>\nName des urspr\u00fcnglichen Besitzers:<br \/>\nE-Mail des urspr\u00fcnglichen Besitzers:<br \/>\nArt des Passes:<br \/>\nDer Name des neuen Besitzers:<br \/>\nE-Mail des neuen Besitzers:<br \/>\nLand und Stadt:<\/li>\n<li>Nach dem 10. Juli 2026 akzeptieren wir keine Antr\u00e4ge auf Wechsel des Passinhabers, egal aus welchem Grund.<\/li>\n<li>Ein Teil des Passes, der als Paarpass oder Gruppenpass erworben wurde, kann weiterverkauft werden. Beim Wechsel des Besitzers des Passes muss jedoch das Geschlechtergleichgewicht gewahrt werden - m\u00e4nnlich-m\u00e4nnlich, weiblich-weiblich.<\/li>\n<\/ul>\n<\/div><\/div><\/div><\/div><\/div><\/div><\/section><section class=\"l-section wpb_row height_small\"><div class=\"l-section-h i-cf\"><div class=\"g-cols vc_row via_grid cols_1 laptops-cols_inherit tablets-cols_inherit mobiles-cols_1 valign_top type_default stacking_default\"><div class=\"wpb_column vc_column_container\"><div class=\"vc_column-inner\"><div class=\"w-btn-wrapper align_center\"><a class=\"w-btn us-btn-style_3\" target=\"_blank\" rel=\"nofollow\" href=\"https:\/\/is.gd\/BKF26\"><span class=\"w-btn-label\">ZUM PASS<\/span><\/a><\/div><\/div><\/div><\/div><\/div><\/section>","protected":false},"excerpt":{"rendered":"TERMS OF PURCHASE By purchasing the ticket you agree to the following terms: E-tickets and Wristbands: In order to receive a festival wristband and gain access to the event, it is necessary to present the NAMED E-TICKET with QR-Code sent as an e-mail attachment and an ID\/Passport. It is MANDATORY to wear the festival wristband...","protected":false},"author":1,"featured_media":0,"parent":108,"menu_order":0,"comment_status":"closed","ping_status":"closed","template":"","meta":{"footnotes":""},"class_list":["post-117","page","type-page","status-publish","hentry"],"jetpack-related-posts":[{"id":131,"url":"https:\/\/berlin-kizzes.com\/de\/contact\/faq\/","url_meta":{"origin":117,"position":0},"title":"FAQ","author":"A_Leslie","date":"23. Dezember 2023","format":false,"excerpt":"","rel":"","context":"\u00c4hnlicher Beitrag","block_context":{"text":"\u00c4hnlicher Beitrag","link":""},"img":{"alt_text":"","src":"","width":0,"height":0},"classes":[]},{"id":119,"url":"https:\/\/berlin-kizzes.com\/de\/terms-and-conditions\/","url_meta":{"origin":117,"position":1},"title":"AGB","author":"A_Leslie","date":"23. Dezember 2023","format":false,"excerpt":"","rel":"","context":"\u00c4hnlicher Beitrag","block_context":{"text":"\u00c4hnlicher Beitrag","link":""},"img":{"alt_text":"","src":"","width":0,"height":0},"classes":[]},{"id":137,"url":"https:\/\/berlin-kizzes.com\/de\/contact\/cooperation\/promoters\/","url_meta":{"origin":117,"position":2},"title":"PROMOTERS","author":"A_Leslie","date":"23. Dezember 2023","format":false,"excerpt":"","rel":"","context":"\u00c4hnlicher Beitrag","block_context":{"text":"\u00c4hnlicher Beitrag","link":""},"img":{"alt_text":"","src":"","width":0,"height":0},"classes":[]},{"id":959,"url":"https:\/\/berlin-kizzes.com\/de\/travel-details\/","url_meta":{"origin":117,"position":3},"title":"Travel Details","author":"A_Leslie","date":"6. November 2024","format":false,"excerpt":"","rel":"","context":"\u00c4hnlicher Beitrag","block_context":{"text":"\u00c4hnlicher Beitrag","link":""},"img":{"alt_text":"","src":"https:\/\/i0.wp.com\/berlin-kizzes.com\/wp-content\/uploads\/2025\/10\/WEBPAGE-BKF-2026-e1759674031902.png?fit=676%2C840&ssl=1&resize=350%2C200","width":350,"height":200,"srcset":"https:\/\/i0.wp.com\/berlin-kizzes.com\/wp-content\/uploads\/2025\/10\/WEBPAGE-BKF-2026-e1759674031902.png?fit=676%2C840&ssl=1&resize=350%2C200 1x, https:\/\/i0.wp.com\/berlin-kizzes.com\/wp-content\/uploads\/2025\/10\/WEBPAGE-BKF-2026-e1759674031902.png?fit=676%2C840&ssl=1&resize=525%2C300 1.5x"},"classes":[]},{"id":135,"url":"https:\/\/berlin-kizzes.com\/de\/contact\/cooperation\/vendors\/","url_meta":{"origin":117,"position":4},"title":"VENDORS","author":"A_Leslie","date":"23. Dezember 2023","format":false,"excerpt":"","rel":"","context":"\u00c4hnlicher Beitrag","block_context":{"text":"\u00c4hnlicher Beitrag","link":""},"img":{"alt_text":"","src":"","width":0,"height":0},"classes":[]},{"id":183,"url":"https:\/\/berlin-kizzes.com\/de\/","url_meta":{"origin":117,"position":5},"title":"HOME","author":"A_Leslie","date":"23. Dezember 2023","format":false,"excerpt":"","rel":"","context":"\u00c4hnlicher Beitrag","block_context":{"text":"\u00c4hnlicher Beitrag","link":""},"img":{"alt_text":"","src":"","width":0,"height":0},"classes":[]}],"jetpack_sharing_enabled":true,"_links":{"self":[{"href":"https:\/\/berlin-kizzes.com\/de\/wp-json\/wp\/v2\/pages\/117","targetHints":{"allow":["GET"]}}],"collection":[{"href":"https:\/\/berlin-kizzes.com\/de\/wp-json\/wp\/v2\/pages"}],"about":[{"href":"https:\/\/berlin-kizzes.com\/de\/wp-json\/wp\/v2\/types\/page"}],"author":[{"embeddable":true,"href":"https:\/\/berlin-kizzes.com\/de\/wp-json\/wp\/v2\/users\/1"}],"replies":[{"embeddable":true,"href":"https:\/\/berlin-kizzes.com\/de\/wp-json\/wp\/v2\/comments?post=117"}],"version-history":[{"count":11,"href":"https:\/\/berlin-kizzes.com\/de\/wp-json\/wp\/v2\/pages\/117\/revisions"}],"predecessor-version":[{"id":1214,"href":"https:\/\/berlin-kizzes.com\/de\/wp-json\/wp\/v2\/pages\/117\/revisions\/1214"}],"up":[{"embeddable":true,"href":"https:\/\/berlin-kizzes.com\/de\/wp-json\/wp\/v2\/pages\/108"}],"wp:attachment":[{"href":"https:\/\/berlin-kizzes.com\/de\/wp-json\/wp\/v2\/media?parent=117"}],"curies":[{"name":"wp","href":"https:\/\/api.w.org\/{rel}","templated":true}]}}