{"id":108,"date":"2023-12-23T16:12:18","date_gmt":"2023-12-23T15:12:18","guid":{"rendered":"https:\/\/berlin-kizzes.com\/?page_id=108"},"modified":"2026-04-02T17:40:25","modified_gmt":"2026-04-02T15:40:25","slug":"tickets","status":"publish","type":"page","link":"https:\/\/berlin-kizzes.com\/de\/tickets\/","title":{"rendered":"TICKETS"},"content":{"rendered":"<section class=\"l-section wpb_row height_small\"><div class=\"l-section-h i-cf\"><div class=\"g-cols vc_row via_grid cols_1 laptops-cols_inherit tablets-cols_inherit mobiles-cols_1 valign_top type_default stacking_default\"><div class=\"wpb_column vc_column_container\"><div class=\"vc_column-inner\"><div class=\"wpb_text_column\"><div class=\"wpb_wrapper\"><h3>TICKETS<\/h3>\n<p>Um ein Ticket zu kaufen, folge bitte dem untenstehenden Verfahren, nachdem du auf den Button geklickt hast.<\/p>\n<\/div><\/div><\/div><\/div><\/div><\/div><\/section><section class=\"l-section wpb_row height_medium\"><div class=\"l-section-h i-cf\"><div class=\"g-cols vc_row via_grid cols_3 laptops-cols_inherit tablets-cols_inherit mobiles-cols_1 valign_top type_default stacking_default\"><div class=\"wpb_column vc_column_container\"><div class=\"vc_column-inner\"><div class=\"w-image align_none\"><div class=\"w-image-h\"><img data-recalc-dims=\"1\" decoding=\"async\" width=\"50\" height=\"50\" src=\"https:\/\/i0.wp.com\/berlin-kizzes.com\/wp-content\/uploads\/2023\/02\/choice.png?resize=50%2C50&#038;ssl=1\" class=\"attachment-us_50_50_crop size-us_50_50_crop\" alt=\"\" loading=\"lazy\" srcset=\"https:\/\/i0.wp.com\/berlin-kizzes.com\/wp-content\/uploads\/2023\/02\/choice.png?w=512&amp;ssl=1 512w, https:\/\/i0.wp.com\/berlin-kizzes.com\/wp-content\/uploads\/2023\/02\/choice.png?resize=300%2C300&amp;ssl=1 300w, https:\/\/i0.wp.com\/berlin-kizzes.com\/wp-content\/uploads\/2023\/02\/choice.png?resize=150%2C150&amp;ssl=1 150w, https:\/\/i0.wp.com\/berlin-kizzes.com\/wp-content\/uploads\/2023\/02\/choice.png?resize=12%2C12&amp;ssl=1 12w\" sizes=\"auto, (max-width: 50px) 100vw, 50px\" \/><\/div><\/div><div class=\"w-separator size_small\"><\/div><div class=\"wpb_text_column\"><div class=\"wpb_wrapper\"><p>1. W\u00e4hle deinen gew\u00fcnschten Pass<\/p>\n<\/div><\/div><\/div><\/div><div class=\"wpb_column vc_column_container\"><div class=\"vc_column-inner\"><div class=\"w-image align_none\"><div class=\"w-image-h\"><img data-recalc-dims=\"1\" decoding=\"async\" width=\"50\" height=\"50\" src=\"https:\/\/i0.wp.com\/berlin-kizzes.com\/wp-content\/uploads\/2023\/02\/card.png?resize=50%2C50&#038;ssl=1\" class=\"attachment-us_50_50_crop size-us_50_50_crop\" alt=\"\" loading=\"lazy\" srcset=\"https:\/\/i0.wp.com\/berlin-kizzes.com\/wp-content\/uploads\/2023\/02\/card.png?w=512&amp;ssl=1 512w, https:\/\/i0.wp.com\/berlin-kizzes.com\/wp-content\/uploads\/2023\/02\/card.png?resize=300%2C300&amp;ssl=1 300w, https:\/\/i0.wp.com\/berlin-kizzes.com\/wp-content\/uploads\/2023\/02\/card.png?resize=150%2C150&amp;ssl=1 150w, https:\/\/i0.wp.com\/berlin-kizzes.com\/wp-content\/uploads\/2023\/02\/card.png?resize=12%2C12&amp;ssl=1 12w\" sizes=\"auto, (max-width: 50px) 100vw, 50px\" \/><\/div><\/div><div class=\"w-separator size_small\"><\/div><div class=\"wpb_text_column\"><div class=\"wpb_wrapper\"><p>2. Schlie\u00dfe den Kaufvorgang ab und zahle in der W\u00e4hrung deiner Wahl<\/p>\n<\/div><\/div><\/div><\/div><div class=\"wpb_column vc_column_container\"><div class=\"vc_column-inner\"><div class=\"w-image align_none\"><div class=\"w-image-h\"><img data-recalc-dims=\"1\" decoding=\"async\" width=\"50\" height=\"50\" src=\"https:\/\/i0.wp.com\/berlin-kizzes.com\/wp-content\/uploads\/2023\/02\/email.png?resize=50%2C50&#038;ssl=1\" class=\"attachment-us_50_50_crop size-us_50_50_crop\" alt=\"\" loading=\"lazy\" srcset=\"https:\/\/i0.wp.com\/berlin-kizzes.com\/wp-content\/uploads\/2023\/02\/email.png?w=512&amp;ssl=1 512w, https:\/\/i0.wp.com\/berlin-kizzes.com\/wp-content\/uploads\/2023\/02\/email.png?resize=300%2C300&amp;ssl=1 300w, https:\/\/i0.wp.com\/berlin-kizzes.com\/wp-content\/uploads\/2023\/02\/email.png?resize=150%2C150&amp;ssl=1 150w, https:\/\/i0.wp.com\/berlin-kizzes.com\/wp-content\/uploads\/2023\/02\/email.png?resize=12%2C12&amp;ssl=1 12w\" sizes=\"auto, (max-width: 50px) 100vw, 50px\" \/><\/div><\/div><div class=\"w-separator size_small\"><\/div><div class=\"wpb_text_column\"><div class=\"wpb_wrapper\"><p>3. Pr\u00fcfe deine Mail (auch Spam) f\u00fcr dein Ticket und schlie\u00dfe dich uns an in Berlin<\/p>\n<\/div><\/div><\/div><\/div><\/div><\/div><\/section><section class=\"l-section wpb_row height_medium\"><div class=\"l-section-h i-cf\"><div class=\"g-cols vc_row via_grid cols_1 laptops-cols_inherit tablets-cols_inherit mobiles-cols_1 valign_top type_default stacking_default\"><div class=\"wpb_column vc_column_container\"><div class=\"vc_column-inner\"><div class=\"w-pricing style_simple items_2\"><div class=\"w-pricing-item type_default\"><div class=\"w-pricing-item-h\"><div class=\"w-pricing-item-header\"><div class=\"w-pricing-item-title\">Leader\/Follower Partypass<\/div><div class=\"w-pricing-item-price\">95 \u20ac<small>jetzt erh\u00e4ltlich<\/small><\/div><\/div><ul class=\"w-pricing-item-features\"><li class=\"w-pricing-item-feature\">1x Partypass - Lead or Follow 85% primarily:<\/li><li class=\"w-pricing-item-feature\">zugang zu allen Parties (Fr - Sam - Son)<\/li><li class=\"w-pricing-item-feature\">zugang zu allen Socials<\/li><li class=\"w-pricing-item-feature\">Pre-Party Workshops not included<\/li><\/ul><div class=\"w-pricing-item-footer\"><a class=\"w-btn us-btn-style_3\" style=\"font-size:15px\" target=\"_blank\" href=\"https:\/\/is.gd\/BKF26\"><span class=\"w-btn-label\">ZUM PASS<\/span><\/a><\/div><\/div><\/div><div class=\"w-pricing-item type_featured\"><div class=\"w-pricing-item-h\"><div class=\"w-pricing-item-header\"><div class=\"w-pricing-item-title\">Flex Partypass<\/div><div class=\"w-pricing-item-price\">95 \u20ac<small>jetzt erh\u00e4ltlich<\/small><\/div><\/div><ul class=\"w-pricing-item-features\"><li class=\"w-pricing-item-feature\">1x Role Rotation Fullpass - Lead and Follow 50\/50:    <\/li><li class=\"w-pricing-item-feature\">zugang zu allen Parties (Fr - Sam - Son)<\/li><li class=\"w-pricing-item-feature\">zugang zu allen Socials<\/li><li class=\"w-pricing-item-feature\">Pre-Party Workshops not included<\/li><\/ul><div class=\"w-pricing-item-footer\"><a class=\"w-btn us-btn-style_3\" style=\"font-size:15px\" target=\"_blank\" href=\"https:\/\/is.gd\/BKF26\"><span class=\"w-btn-label\">ZUM PASS<\/span><\/a><\/div><\/div><\/div><\/div><div class=\"w-pricing style_simple items_3\"><div class=\"w-pricing-item type_default\"><div class=\"w-pricing-item-h\"><div class=\"w-pricing-item-header\"><div class=\"w-pricing-item-title\">Leader\/Follower Fullpass<\/div><div class=\"w-pricing-item-price\">149 \u20ac<small>jetzt erh\u00e4ltlich<\/small><\/div><\/div><ul class=\"w-pricing-item-features\"><li class=\"w-pricing-item-feature\">1x Fullpass - Lead or Follow 85% primarily:<\/li><li class=\"w-pricing-item-feature\">zugang zu allen Parties (Fr - Sam - Son)<\/li><li class=\"w-pricing-item-feature\">zugang zu allen Workshops<\/li><li class=\"w-pricing-item-feature\">zugang zu allen Socials<\/li><\/ul><div class=\"w-pricing-item-footer\"><a class=\"w-btn us-btn-style_3\" style=\"font-size:15px\" target=\"_blank\" href=\"https:\/\/is.gd\/BKF26\"><span class=\"w-btn-label\">ZUM PASS<\/span><\/a><\/div><\/div><\/div><div class=\"w-pricing-item type_featured\"><div class=\"w-pricing-item-h\"><div class=\"w-pricing-item-header\"><div class=\"w-pricing-item-title\">Couple Pass<\/div><div class=\"w-pricing-item-price\">258 \u20ac<small>jetzt erh\u00e4ltlich<\/small><\/div><\/div><ul class=\"w-pricing-item-features\"><li class=\"w-pricing-item-feature\">1x Leader & 1x Follower Fullpass - Lead or Follow 85% primarily:    <\/li><li class=\"w-pricing-item-feature\">zugang zu allen Parties (Fr - Sam - Son)<\/li><li class=\"w-pricing-item-feature\">zugang zu allen Workshops<\/li><li class=\"w-pricing-item-feature\">zugang zu allen Socials<\/li><\/ul><div class=\"w-pricing-item-footer\"><a class=\"w-btn us-btn-style_3\" style=\"font-size:15px\" target=\"_blank\" href=\"https:\/\/is.gd\/BKF26\"><span class=\"w-btn-label\">ZUM PASS<\/span><\/a><\/div><\/div><\/div><div class=\"w-pricing-item type_default\"><div class=\"w-pricing-item-h\"><div class=\"w-pricing-item-header\"><div class=\"w-pricing-item-title\">Flex Fullpass<\/div><div class=\"w-pricing-item-price\">149 \u20ac<small>jetzt erh\u00e4ltlich<\/small><\/div><\/div><ul class=\"w-pricing-item-features\"><li class=\"w-pricing-item-feature\">1x Role Rotation Fullpass - Lead and Follow 50\/50:    <\/li><li class=\"w-pricing-item-feature\">zugang zu allen Parties (Fr - Sam - Son)<\/li><li class=\"w-pricing-item-feature\">zugang zu allen Workshops<\/li><li class=\"w-pricing-item-feature\">zugang zu allen Socials<\/li><\/ul><div class=\"w-pricing-item-footer\"><a class=\"w-btn us-btn-style_3\" style=\"font-size:15px\" target=\"_blank\" href=\"https:\/\/is.gd\/BKF26\"><span class=\"w-btn-label\">ZUM PASS<\/span><\/a><\/div><\/div><\/div><\/div><div class=\"w-separator size_small\"><\/div><\/div><\/div><\/div><\/div><\/section>","protected":false},"excerpt":{"rendered":"TICKETS To purchase a ticket please follow the process below, after clicking the buttom. 1. Select your desired pass 2. Complete the purchase procedure and pay in currency of choice 3. Check your mail (also spam) for your ticket and join us in Berlin Leader\/Follower Partypass95 \u20acAvailable Now1x Partypass - Lead or Follow 85% primarily:Access...","protected":false},"author":1,"featured_media":0,"parent":0,"menu_order":0,"comment_status":"closed","ping_status":"closed","template":"","meta":{"footnotes":""},"class_list":["post-108","page","type-page","status-publish","hentry"],"jetpack-related-posts":[{"id":123,"url":"https:\/\/berlin-kizzes.com\/de\/venue-hotels\/","url_meta":{"origin":108,"position":0},"title":"VENUE &#038; HOTELS","author":"A_Leslie","date":"23. Dezember 2023","format":false,"excerpt":"","rel":"","context":"\u00c4hnlicher Beitrag","block_context":{"text":"\u00c4hnlicher Beitrag","link":""},"img":{"alt_text":"","src":"","width":0,"height":0},"classes":[]},{"id":55,"url":"https:\/\/berlin-kizzes.com\/de\/artists\/instructors\/","url_meta":{"origin":108,"position":1},"title":"INSTRUCTORS","author":"A_Leslie","date":"23. Dezember 2023","format":false,"excerpt":"","rel":"","context":"\u00c4hnlicher Beitrag","block_context":{"text":"\u00c4hnlicher Beitrag","link":""},"img":{"alt_text":"","src":"","width":0,"height":0},"classes":[]},{"id":57,"url":"https:\/\/berlin-kizzes.com\/de\/artists\/djs\/","url_meta":{"origin":108,"position":2},"title":"DJS","author":"A_Leslie","date":"23. Dezember 2023","format":false,"excerpt":"","rel":"","context":"\u00c4hnlicher Beitrag","block_context":{"text":"\u00c4hnlicher Beitrag","link":""},"img":{"alt_text":"","src":"","width":0,"height":0},"classes":[]},{"id":125,"url":"https:\/\/berlin-kizzes.com\/de\/venue-hotels\/hotels-hostels\/","url_meta":{"origin":108,"position":3},"title":"HOTELS &#038; HOSTELS","author":"A_Leslie","date":"23. Dezember 2023","format":false,"excerpt":"","rel":"","context":"\u00c4hnlicher Beitrag","block_context":{"text":"\u00c4hnlicher Beitrag","link":""},"img":{"alt_text":"","src":"","width":0,"height":0},"classes":[]},{"id":59,"url":"https:\/\/berlin-kizzes.com\/de\/artists\/media\/","url_meta":{"origin":108,"position":4},"title":"MEDIA","author":"A_Leslie","date":"23. Dezember 2023","format":false,"excerpt":"","rel":"","context":"\u00c4hnlicher Beitrag","block_context":{"text":"\u00c4hnlicher Beitrag","link":""},"img":{"alt_text":"","src":"","width":0,"height":0},"classes":[]},{"id":183,"url":"https:\/\/berlin-kizzes.com\/de\/","url_meta":{"origin":108,"position":5},"title":"HOME","author":"A_Leslie","date":"23. Dezember 2023","format":false,"excerpt":"","rel":"","context":"\u00c4hnlicher Beitrag","block_context":{"text":"\u00c4hnlicher Beitrag","link":""},"img":{"alt_text":"","src":"","width":0,"height":0},"classes":[]}],"jetpack_sharing_enabled":true,"_links":{"self":[{"href":"https:\/\/berlin-kizzes.com\/de\/wp-json\/wp\/v2\/pages\/108","targetHints":{"allow":["GET"]}}],"collection":[{"href":"https:\/\/berlin-kizzes.com\/de\/wp-json\/wp\/v2\/pages"}],"about":[{"href":"https:\/\/berlin-kizzes.com\/de\/wp-json\/wp\/v2\/types\/page"}],"author":[{"embeddable":true,"href":"https:\/\/berlin-kizzes.com\/de\/wp-json\/wp\/v2\/users\/1"}],"replies":[{"embeddable":true,"href":"https:\/\/berlin-kizzes.com\/de\/wp-json\/wp\/v2\/comments?post=108"}],"version-history":[{"count":10,"href":"https:\/\/berlin-kizzes.com\/de\/wp-json\/wp\/v2\/pages\/108\/revisions"}],"predecessor-version":[{"id":1347,"href":"https:\/\/berlin-kizzes.com\/de\/wp-json\/wp\/v2\/pages\/108\/revisions\/1347"}],"wp:attachment":[{"href":"https:\/\/berlin-kizzes.com\/de\/wp-json\/wp\/v2\/media?parent=108"}],"curies":[{"name":"wp","href":"https:\/\/api.w.org\/{rel}","templated":true}]}}